{"id":878,"date":"2024-03-27T10:25:47","date_gmt":"2024-03-27T16:25:47","guid":{"rendered":"https:\/\/tyopticsmexico.com\/?page_id=878"},"modified":"2025-07-08T14:52:26","modified_gmt":"2025-07-08T20:52:26","slug":"ventas","status":"publish","type":"page","link":"https:\/\/tyopticsmexico.com\/en\/ventas\/","title":{"rendered":"Sales"},"content":{"rendered":"<p><\/p>\n\n\n\n<div class=\"wp-block-essential-blocks-row alignfull  root-eb-row-lyehx\"><div class=\"eb-parent-wrapper eb-parent-eb-row-lyehx eb_animation eb___animated eb___slideInDown\"><div class=\"eb-row-root-container eb-row-lyehx\" data-id=\"eb-row-lyehx\"><div class=\"eb-row-wrapper\"><div class=\"eb-row-inner\">\n<div class=\"wp-block-essential-blocks-column  root-eb-column-t1qo9\"><div class=\"eb-parent-wrapper eb-parent-eb-column-t1qo9\"><div class=\"eb-column-wrapper eb-column-t1qo9\"><div class=\"eb-column-inner\">\n<div class=\"wp-block-cover alignfull is-light\" style=\"margin-top:0;margin-bottom:80px;padding-top:3%;padding-right:0%;padding-bottom:10%;padding-left:5%;min-height:944px;aspect-ratio:unset;\"><img fetchpriority=\"high\" decoding=\"async\" width=\"1280\" height=\"853\" class=\"wp-block-cover__image-background wp-image-974\" alt=\"writing, pencil, note-3934298.jpg\" src=\"https:\/\/tyopticsmexico.com\/wp-content\/uploads\/2024\/04\/writing-pencil-note-3934298.jpg\" data-object-fit=\"cover\" srcset=\"https:\/\/tyopticsmexico.com\/wp-content\/uploads\/2024\/04\/writing-pencil-note-3934298.jpg 1280w, https:\/\/tyopticsmexico.com\/wp-content\/uploads\/2024\/04\/writing-pencil-note-3934298-600x400.jpg 600w\" sizes=\"(max-width: 1280px) 100vw, 1280px\" \/><span aria-hidden=\"true\" class=\"wp-block-cover__background has-background-dim\" style=\"background-color:#cfb4a7\"><\/span><div class=\"wp-block-cover__inner-container is-layout-flow wp-block-cover-is-layout-flow\">\n<h2 class=\"wp-block-heading has-text-align-left\">Sales<\/h2>\n\n\n\n<div style=\"height:31px\" aria-hidden=\"true\" class=\"wp-block-spacer\"><\/div>\n\n\n\n<p>\u00danete al departamento de Ventas y aplica tus habilidades de negociaci\u00f3n, marketing y gesti\u00f3n de proyectos.<\/p>\n\n\n\n<p>Aplica tus habilidades de administraci\u00f3n, gesti\u00f3n del tiempo y de la producci\u00f3n de acuerdo a pedidos, negociaciones y dem\u00e1s tratos con clientes y aprende sobre nuevas t\u00e9cnicas de venta y todo lo relacionado con la comercializaci\u00f3n de TY Optics M\u00e9xico.<\/p>\n\n\n\n<p>Int\u00e9grate a nuestro equipo de trabajo y participa en nuestros proyectos de ventas y colabora en la gesti\u00f3n del producto para que sea entregado de manera puntual al cliente. Adem\u00e1s, puedes implementar y mejorar estrategias comerciales como todo especialista en ventas. <\/p>\n\n\n\n<p><\/p>\n\n\n\n<p><\/p>\n\n\n\n<p>\u00bfQu\u00e9 habilidades requiere un especialista en ventas?<\/p>\n\n\n\n<ul class=\"wp-block-list\">\n<li>Pensamiento anal\u00edtico<\/li>\n\n\n\n<li>Collaboration<\/li>\n\n\n\n<li>Orientaci\u00f3n al cliente<\/li>\n\n\n\n<li>Comunicaci\u00f3n efectiva<\/li>\n\n\n\n<li>Habilidad de an\u00e1lisis de datos<\/li>\n\n\n\n<li>Habilidades de marketing<\/li>\n<\/ul>\n\n\n\n<div style=\"height:100px\" aria-hidden=\"true\" class=\"wp-block-spacer\"><\/div>\n\n\n\n<p>Busca las vacantes y aplica para que formes parte de este gran equipo de trabajo.<\/p>\n\n\n\n<div class=\"wp-block-buttons is-layout-flex wp-block-buttons-is-layout-flex\" style=\"margin-top:var(--wp--preset--spacing--30);margin-bottom:var(--wp--preset--spacing--30)\">\n<div class=\"wp-block-button\"><a class=\"wp-block-button__link wp-element-button\" href=\"https:\/\/tyopticsmexico.com\/en\/jobs\/\"> Buscar <\/a><\/div>\n<\/div>\n<\/div><\/div>\n<\/div><\/div><\/div><\/div>\n<\/div><\/div><\/div><\/div><\/div>","protected":false},"excerpt":{"rendered":"","protected":false},"author":1,"featured_media":0,"parent":0,"menu_order":0,"comment_status":"closed","ping_status":"closed","template":"","meta":{"_eb_attr":"","footnotes":""},"wf_page_folders":[],"class_list":["post-878","page","type-page","status-publish","hentry"],"_links":{"self":[{"href":"https:\/\/tyopticsmexico.com\/en\/wp-json\/wp\/v2\/pages\/878","targetHints":{"allow":["GET"]}}],"collection":[{"href":"https:\/\/tyopticsmexico.com\/en\/wp-json\/wp\/v2\/pages"}],"about":[{"href":"https:\/\/tyopticsmexico.com\/en\/wp-json\/wp\/v2\/types\/page"}],"author":[{"embeddable":true,"href":"https:\/\/tyopticsmexico.com\/en\/wp-json\/wp\/v2\/users\/1"}],"replies":[{"embeddable":true,"href":"https:\/\/tyopticsmexico.com\/en\/wp-json\/wp\/v2\/comments?post=878"}],"version-history":[{"count":4,"href":"https:\/\/tyopticsmexico.com\/en\/wp-json\/wp\/v2\/pages\/878\/revisions"}],"predecessor-version":[{"id":1178,"href":"https:\/\/tyopticsmexico.com\/en\/wp-json\/wp\/v2\/pages\/878\/revisions\/1178"}],"wp:attachment":[{"href":"https:\/\/tyopticsmexico.com\/en\/wp-json\/wp\/v2\/media?parent=878"}],"wp:term":[{"taxonomy":"wf_page_folders","embeddable":true,"href":"https:\/\/tyopticsmexico.com\/en\/wp-json\/wp\/v2\/wf_page_folders?post=878"}],"curies":[{"name":"wp","href":"https:\/\/api.w.org\/{rel}","templated":true}]}}