{"id":818,"date":"2024-03-10T20:14:15","date_gmt":"2024-03-11T02:14:15","guid":{"rendered":"https:\/\/tyopticsmexico.com\/?page_id=818"},"modified":"2025-07-08T14:53:22","modified_gmt":"2025-07-08T20:53:22","slug":"recursos-humanos","status":"publish","type":"page","link":"https:\/\/tyopticsmexico.com\/en\/recursos-humanos\/","title":{"rendered":"Human Resources"},"content":{"rendered":"<p><\/p>\n\n\n\n<div class=\"wp-block-essential-blocks-row alignfull  root-eb-row-lyehx\"><div class=\"eb-parent-wrapper eb-parent-eb-row-lyehx eb_animation eb___animated eb___slideInDown\"><div class=\"eb-row-root-container eb-row-lyehx\" data-id=\"eb-row-lyehx\"><div class=\"eb-row-wrapper\"><div class=\"eb-row-inner\">\n<div class=\"wp-block-essential-blocks-column  root-eb-column-t1qo9\"><div class=\"eb-parent-wrapper eb-parent-eb-column-t1qo9\"><div class=\"eb-column-wrapper eb-column-t1qo9\"><div class=\"eb-column-inner\">\n<div class=\"wp-block-cover alignfull\" style=\"margin-top:0;margin-bottom:80px;padding-top:3%;padding-right:0%;padding-bottom:10%;padding-left:5%;min-height:944px;aspect-ratio:unset;\"><img fetchpriority=\"high\" decoding=\"async\" width=\"1280\" height=\"797\" class=\"wp-block-cover__image-background wp-image-819\" alt=\"analyst, recruiter, research-6492859.jpg\" src=\"https:\/\/tyopticsmexico.com\/wp-content\/uploads\/2024\/03\/analyst-recruiter-research-6492859.jpg\" data-object-fit=\"cover\" srcset=\"https:\/\/tyopticsmexico.com\/wp-content\/uploads\/2024\/03\/analyst-recruiter-research-6492859.jpg 1280w, https:\/\/tyopticsmexico.com\/wp-content\/uploads\/2024\/03\/analyst-recruiter-research-6492859-600x374.jpg 600w\" sizes=\"(max-width: 1280px) 100vw, 1280px\" \/><span aria-hidden=\"true\" class=\"wp-block-cover__background has-background-dim\"><\/span><div class=\"wp-block-cover__inner-container is-layout-flow wp-block-cover-is-layout-flow\">\n<h2 class=\"wp-block-heading has-text-align-left\">Human Resources<\/h2>\n\n\n\n<div style=\"height:31px\" aria-hidden=\"true\" class=\"wp-block-spacer\"><\/div>\n\n\n\n<p>Int\u00e9grate al departamento de Recursos Humanos y aplica tus habilidades de administraci\u00f3n de negocios para colaborar en el logro de los objetivos de la compa\u00f1\u00eda.<\/p>\n\n\n\n<p>Impulsa con nosotros tu experiencia en reclutamiento y selecci\u00f3n, contrataci\u00f3n, capacitaci\u00f3n, administraci\u00f3n de sueldos e incentivos laborales y m\u00e1s. Todo esto para alcanzar un alto nivel de competitividad entre nuestros empleados y a su vez aumentar la productividad.<\/p>\n\n\n\n<p>Aprende de la mano de expertos en administraci\u00f3n y gesti\u00f3n empresarial y participa en las decisiones y acciones que ayudar\u00e1n a mantener o mejorar la relaci\u00f3n entre la empresa y sus colaboradores.<\/p>\n\n\n\n<p><\/p>\n\n\n\n<p>\u00bfQu\u00e9 habilidades requiere un especialista en Recursos Humanos?<\/p>\n\n\n\n<ul class=\"wp-block-list\">\n<li>Collaboration<\/li>\n\n\n\n<li>Liderazgo<\/li>\n\n\n\n<li>Creatividad e Innovaci\u00f3n<\/li>\n\n\n\n<li>Buenas habilidades de negociaci\u00f3n<\/li>\n\n\n\n<li>Habilidad de comunicaci\u00f3n<\/li>\n\n\n\n<li>Proactividad<\/li>\n<\/ul>\n\n\n\n<div style=\"height:100px\" aria-hidden=\"true\" class=\"wp-block-spacer\"><\/div>\n\n\n\n<p>Busca las vacantes y aplica para que formes parte de este gran equipo de trabajo.<\/p>\n\n\n\n<div class=\"wp-block-buttons is-layout-flex wp-block-buttons-is-layout-flex\" style=\"margin-top:var(--wp--preset--spacing--30);margin-bottom:var(--wp--preset--spacing--30)\">\n<div class=\"wp-block-button\"><a class=\"wp-block-button__link wp-element-button\" href=\"https:\/\/tyopticsmexico.com\/en\/jobs\/\"> Buscar <\/a><\/div>\n<\/div>\n<\/div><\/div>\n<\/div><\/div><\/div><\/div>\n<\/div><\/div><\/div><\/div><\/div>","protected":false},"excerpt":{"rendered":"","protected":false},"author":1,"featured_media":0,"parent":0,"menu_order":0,"comment_status":"closed","ping_status":"closed","template":"","meta":{"_eb_attr":"","footnotes":""},"wf_page_folders":[],"class_list":["post-818","page","type-page","status-publish","hentry"],"_links":{"self":[{"href":"https:\/\/tyopticsmexico.com\/en\/wp-json\/wp\/v2\/pages\/818","targetHints":{"allow":["GET"]}}],"collection":[{"href":"https:\/\/tyopticsmexico.com\/en\/wp-json\/wp\/v2\/pages"}],"about":[{"href":"https:\/\/tyopticsmexico.com\/en\/wp-json\/wp\/v2\/types\/page"}],"author":[{"embeddable":true,"href":"https:\/\/tyopticsmexico.com\/en\/wp-json\/wp\/v2\/users\/1"}],"replies":[{"embeddable":true,"href":"https:\/\/tyopticsmexico.com\/en\/wp-json\/wp\/v2\/comments?post=818"}],"version-history":[{"count":3,"href":"https:\/\/tyopticsmexico.com\/en\/wp-json\/wp\/v2\/pages\/818\/revisions"}],"predecessor-version":[{"id":1179,"href":"https:\/\/tyopticsmexico.com\/en\/wp-json\/wp\/v2\/pages\/818\/revisions\/1179"}],"wp:attachment":[{"href":"https:\/\/tyopticsmexico.com\/en\/wp-json\/wp\/v2\/media?parent=818"}],"wp:term":[{"taxonomy":"wf_page_folders","embeddable":true,"href":"https:\/\/tyopticsmexico.com\/en\/wp-json\/wp\/v2\/wf_page_folders?post=818"}],"curies":[{"name":"wp","href":"https:\/\/api.w.org\/{rel}","templated":true}]}}