{"id":704,"date":"2024-03-03T18:04:42","date_gmt":"2024-03-04T00:04:42","guid":{"rendered":"https:\/\/tyopticsmexico.com\/?page_id=704"},"modified":"2024-04-12T07:43:09","modified_gmt":"2024-04-12T13:43:09","slug":"historiaa","status":"publish","type":"page","link":"https:\/\/tyopticsmexico.com\/en\/historiaa\/","title":{"rendered":"Historia"},"content":{"rendered":"<div class=\"wp-block-essential-blocks-row alignfull\"><div class=\"eb-parent-wrapper eb-parent-eb-row-je1z0\"><div class=\"eb-row-root-container eb-row-je1z0\" data-id=\"eb-row-je1z0\"><div class=\"eb-row-wrapper\"><div class=\"eb-row-inner\">\n<div class=\"eb-parent-wrapper eb-parent-eb-column-enhfk  wp-block-essential-blocks-column\"><div class=\"eb-column-wrapper eb-column-enhfk\"><div class=\"eb-column-inner\"><div class=\"wp-block-image\">\n<figure class=\"aligncenter size-full is-resized\"><img fetchpriority=\"high\" decoding=\"async\" width=\"3937\" height=\"2953\" src=\"https:\/\/tyopticsmexico.com\/wp-content\/uploads\/2024\/03\/20240308_142435186_iOS.png\" alt=\"\" class=\"wp-image-764\" style=\"width:847px;height:auto\" srcset=\"https:\/\/tyopticsmexico.com\/wp-content\/uploads\/2024\/03\/20240308_142435186_iOS.png 3937w, https:\/\/tyopticsmexico.com\/wp-content\/uploads\/2024\/03\/20240308_142435186_iOS-600x450.png 600w\" sizes=\"(max-width: 3937px) 100vw, 3937px\" \/><\/figure><\/div>\n\n\n<div style=\"height:40px\" aria-hidden=\"true\" class=\"wp-block-spacer\"><\/div>\n\n\n\n<h2 class=\"wp-block-heading has-text-align-center has-text-color has-link-color wp-elements-03501e7fd0bac070aa30b1644842bbf4\" style=\"color:#190466\">TY OPTICS EN SAN LUIS POTOS\u00cd<\/h2>\n\n\n\n<div style=\"height:57px\" aria-hidden=\"true\" class=\"wp-block-spacer\"><\/div>\n\n\n\n<hr class=\"wp-block-separator has-alpha-channel-opacity is-style-default\"\/>\n\n\n\n<div class=\"wp-block-essential-blocks-row alignfull\"><div class=\"eb-parent-wrapper eb-parent-eb-row-cgsg9\"><div class=\"eb-row-root-container eb-row-cgsg9\" data-id=\"eb-row-cgsg9\"><div class=\"eb-row-wrapper\"><div class=\"eb-row-inner\">\n<div class=\"eb-parent-wrapper eb-parent-eb-column-fmzcj  wp-block-essential-blocks-column\"><div class=\"eb-column-wrapper eb-column-fmzcj\"><div class=\"eb-column-inner\">\n<div style=\"height:20px\" aria-hidden=\"true\" class=\"wp-block-spacer\"><\/div>\n\n\n\n<h4 class=\"wp-block-heading\">Inauguraci\u00f3n de la planta en San Luis Potos\u00ed\u200b<\/h4>\n\n\n\n<div style=\"height:20px\" aria-hidden=\"true\" class=\"wp-block-spacer\"><\/div>\n\n\n\n<span>TY Optics M\u00e9xico llega a San Luis Potos\u00ed en marzo del 2018 con la finalidad de replicar el \u00e9xito obtenido en TY Optics Tailandia iniciando la producci\u00f3n en masa en mayo de 2019.<\/span>\n\n<span>Inici\u00f3 con un peque\u00f1o grupo de personas que en conjunto lograron que el primer a\u00f1o la empresa tuviera un crecimiento econ\u00f3mico importante lo que mantuvo a la Compa\u00f1\u00eda en una perfecta posici\u00f3n dentro del mercado la industria automotriz.<\/span>\n\n<span>Hoy en d\u00eda TY Optics sigue en desarrollo ofreciendo con ello, cada vez m\u00e1s oportunidades de crecimiento profesional y personal al equipo de trabajo que la integra.<\/span>\n<\/div><\/div><\/div>\n\n\n\n<div class=\"eb-parent-wrapper eb-parent-eb-column-gupw9  wp-block-essential-blocks-column\"><div class=\"eb-column-wrapper eb-column-gupw9\"><div class=\"eb-column-inner\">\n<div style=\"height:40px\" aria-hidden=\"true\" class=\"wp-block-spacer\"><\/div>\n\n\n\n<h4 class=\"wp-block-heading has-text-align-center has-vivid-cyan-blue-color has-text-color has-link-color wp-elements-81f05e1b7e0e64c1857c5d77d206c921\">TY Optics Group<\/h4>\n\n\n\n<div style=\"height:20px\" aria-hidden=\"true\" class=\"wp-block-spacer\"><\/div>\n\n\n\n<span>TY Optics M\u00e9xico es parte de TY Optics Group con sede en Jap\u00f3n. La oficina principal se encuentra la Ciudad de Shizuoka y la planta de fabricaci\u00f3n en la Ciudad de Olta.<\/span>\n\n\n\n<div style=\"height:30px\" aria-hidden=\"true\" class=\"wp-block-spacer\"><\/div>\n\n\n\n<div class=\"wp-block-essential-blocks-button\"><div class=\"eb-parent-wrapper eb-parent-eb-button-9duz8\"><div class=\"eb-button-wrapper eb-button-alignment eb-button-9duz8\"><div class=\"eb-button\"><a class=\"eb-button-anchor\" href=\" https:\/\/www.tyoptics-group.com\/\" rel=\"noopener\">More information<\/a><\/div><\/div><\/div><\/div>\n<\/div><\/div><\/div>\n<\/div><\/div><\/div><\/div><\/div>\n\n\n\n<div style=\"height:100px\" aria-hidden=\"true\" class=\"wp-block-spacer\"><\/div>\n\n\n\n<hr class=\"wp-block-separator has-alpha-channel-opacity is-style-default\"\/>\n<\/div><\/div><\/div>\n<\/div><\/div><\/div><\/div><\/div>\n\n\n\n<div class=\"wp-block-essential-blocks-row alignfull\"><div class=\"eb-parent-wrapper eb-parent-eb-row-q403u eb_animation eb___animated eb___slideInUp\"><div class=\"eb-row-root-container eb-row-q403u\" data-id=\"eb-row-q403u\"><div class=\"eb-row-wrapper\"><div class=\"eb-row-inner\">\n<div class=\"eb-parent-wrapper eb-parent-eb-column-ufwjy  wp-block-essential-blocks-column\"><div class=\"eb-column-wrapper eb-column-ufwjy\"><div class=\"eb-column-inner\">\n<div class=\"wp-block-cover is-light has-parallax is-repeated\" style=\"min-height:533px;aspect-ratio:unset;\"><span aria-hidden=\"true\" class=\"wp-block-cover__background has-white-background-color has-background-dim-100 has-background-dim\"><\/span><div class=\"wp-block-cover__image-background wp-image-735 has-parallax is-repeated\" style=\"background-position:60% 50%;background-image:url(https:\/\/tyopticsmexico.com\/wp-content\/uploads\/2024\/03\/sun-sky-blue-3588618.jpg)\"><\/div><div class=\"wp-block-cover__inner-container is-layout-flow wp-block-cover-is-layout-flow\">\n<div class=\"wp-block-essential-blocks-advanced-heading\"><div class=\"eb-parent-wrapper eb-parent-eb-advance-heading-igj3x eb_animation eb___animated eb___slideInRight\"><div class=\"eb-advance-heading-wrapper eb-advance-heading-igj3x button-1\" data-id=\"eb-advance-heading-igj3x\"><h1 class=\"eb-ah-title\">Nuestra Cultura<\/h1><div class=\"eb-ah-separator line\"><\/div><\/div><\/div><\/div>\n<\/div><\/div>\n<\/div><\/div><\/div>\n\n\n\n<div class=\"eb-parent-wrapper eb-parent-eb-column-3locf  wp-block-essential-blocks-column\"><div class=\"eb-column-wrapper eb-column-3locf\"><div class=\"eb-column-inner\">\n<div class=\"wp-block-jetpack-slideshow\" data-autoplay=\"true\" data-delay=\"3\" data-effect=\"fade\"><div class=\"wp-block-jetpack-slideshow_container swiper-container\"><ul class=\"wp-block-jetpack-slideshow_swiper-wrapper swiper-wrapper\"><li class=\"wp-block-jetpack-slideshow_slide swiper-slide\"><figure><img decoding=\"async\" width=\"768\" height=\"649\" alt=\"\" class=\"wp-block-jetpack-slideshow_image wp-image-720\" data-id=\"720\" src=\"https:\/\/tyopticsmexico.com\/wp-content\/uploads\/2024\/03\/7_copia.jpeg\" srcset=\"https:\/\/tyopticsmexico.com\/wp-content\/uploads\/2024\/03\/7_copia.jpeg 768w, https:\/\/tyopticsmexico.com\/wp-content\/uploads\/2024\/03\/7_copia-600x507.jpeg 600w\" sizes=\"(max-width: 768px) 100vw, 768px\" \/><\/figure><\/li><li class=\"wp-block-jetpack-slideshow_slide swiper-slide\"><figure><img decoding=\"async\" width=\"1024\" height=\"768\" alt=\"\" class=\"wp-block-jetpack-slideshow_image wp-image-723\" data-id=\"723\" src=\"https:\/\/tyopticsmexico.com\/wp-content\/uploads\/2024\/03\/8.jpeg\" srcset=\"https:\/\/tyopticsmexico.com\/wp-content\/uploads\/2024\/03\/8.jpeg 1024w, https:\/\/tyopticsmexico.com\/wp-content\/uploads\/2024\/03\/8-600x450.jpeg 600w\" sizes=\"(max-width: 1024px) 100vw, 1024px\" \/><\/figure><\/li><\/ul><a class=\"wp-block-jetpack-slideshow_button-prev swiper-button-prev swiper-button-white\" role=\"button\"><\/a><a class=\"wp-block-jetpack-slideshow_button-next swiper-button-next swiper-button-white\" role=\"button\"><\/a><a aria-label=\"Pause Slideshow\" class=\"wp-block-jetpack-slideshow_button-pause\" role=\"button\"><\/a><div class=\"wp-block-jetpack-slideshow_pagination swiper-pagination swiper-pagination-white\"><\/div><\/div><\/div>\n<\/div><\/div><\/div>\n<\/div><\/div><\/div><\/div><\/div>\n\n\n\n<div class=\"wp-block-essential-blocks-row alignfull\"><div class=\"eb-parent-wrapper eb-parent-eb-row-3rs7s\"><div class=\"eb-row-root-container eb-row-3rs7s\" data-id=\"eb-row-3rs7s\"><div class=\"eb-row-wrapper\"><div class=\"eb-row-inner\">\n<div class=\"eb-parent-wrapper eb-parent-eb-column-m33xe  wp-block-essential-blocks-column\"><div class=\"eb-column-wrapper eb-column-m33xe\"><div class=\"eb-column-inner\"><\/div><\/div><\/div>\n\n\n\n<div class=\"eb-parent-wrapper eb-parent-eb-column-m9zdf  wp-block-essential-blocks-column\"><div class=\"eb-column-wrapper eb-column-m9zdf\"><div class=\"eb-column-inner\">\n<div style=\"height:20px\" aria-hidden=\"true\" class=\"wp-block-spacer\"><\/div>\n\n\n\n<p class=\"has-text-align-center has-black-color has-text-color has-link-color wp-elements-e40cffc21d0911d0f244ceeb79c92bc7\">Para&nbsp;TY Optics la comunicaci\u00f3n y el respeto son factores importantes en el alcance al \u00e9xito, por ello, fomentamos todos los d\u00edas la armon\u00eda entre nuestros empleados para que sean capaces de trabajar en conjunto por el bienestar de la compa\u00f1\u00eda y de sus colaboradores asegurando siempre el trato digno a los dem\u00e1s.<\/p>\n\n\n\n<p class=\"has-text-align-center has-black-color has-text-color has-link-color wp-elements-eee6c1f321223e830be3fc691cd63ec1\">As\u00ed mismo, trabajamos e integramos a nuestros empleados en un equipo de trabajo donde la igualdad y equidad de g\u00e9nero son fundamentales para lograr&nbsp;un entorno donde hombres y mujeres tengan las mismas oportunidades y el mismo reconocimiento sin ning\u00fan tipo de discriminaci\u00f3n.<\/p>\n\n\n\n<p class=\"has-text-align-center has-black-color has-text-color has-link-color wp-elements-3728ffac8a7687d27cb46926be5975d4\">Adem\u00e1s,&nbsp;para TY Optics es indispensable que los empleados tengan un serio Compromiso con su trabajo para resolver de manera id\u00f3nea los asuntos de la compa\u00f1\u00eda.<\/p>\n<\/div><\/div><\/div>\n\n\n\n<div class=\"eb-parent-wrapper eb-parent-eb-column-ivb19  wp-block-essential-blocks-column\"><div class=\"eb-column-wrapper eb-column-ivb19\"><div class=\"eb-column-inner\"><\/div><\/div><\/div>\n<\/div><\/div><\/div><\/div><\/div>\n\n\n\n<div class=\"wp-block-essential-blocks-row alignfull\"><div class=\"eb-parent-wrapper eb-parent-eb-row-9jsp0\"><div class=\"eb-row-root-container eb-row-9jsp0\" data-id=\"eb-row-9jsp0\"><div class=\"eb-row-wrapper\"><div class=\"eb-row-inner\">\n<div class=\"eb-parent-wrapper eb-parent-eb-column-ntq3k  wp-block-essential-blocks-column\"><div class=\"eb-column-wrapper eb-column-ntq3k\"><div class=\"eb-column-inner\">\n<div style=\"height:100px\" aria-hidden=\"true\" class=\"wp-block-spacer\"><\/div>\n\n\n\n<div class=\"wp-block-essential-blocks-advanced-heading\"><div class=\"eb-parent-wrapper eb-parent-eb-advance-heading-f2es5\"><div class=\"eb-advance-heading-wrapper eb-advance-heading-f2es5 button-1\" data-id=\"eb-advance-heading-f2es5\"><h1 class=\"eb-ah-title\">Historia<\/h1><div class=\"eb-ah-separator line\"><\/div><\/div><\/div><\/div>\n\n\n<div class=\"wp-block-image\">\n<figure class=\"aligncenter size-full is-resized\"><img loading=\"lazy\" decoding=\"async\" width=\"1366\" height=\"768\" src=\"https:\/\/tyopticsmexico.com\/wp-content\/uploads\/2024\/02\/mapa1.png\" alt=\"\" class=\"wp-image-392\" style=\"width:786px;height:auto\" srcset=\"https:\/\/tyopticsmexico.com\/wp-content\/uploads\/2024\/02\/mapa1.png 1366w, https:\/\/tyopticsmexico.com\/wp-content\/uploads\/2024\/02\/mapa1-600x337.png 600w\" sizes=\"(max-width: 1366px) 100vw, 1366px\" \/><\/figure><\/div>\n\n\n<div style=\"height:25px\" aria-hidden=\"true\" class=\"wp-block-spacer\"><\/div>\n\n\n\n<p class=\"has-text-align-center\" style=\"font-size:18px\">En 2018, la empresa japonesa&nbsp;<a href=\"https:\/\/www.ypc-g.com\/\">Yoshikawa Kasei<\/a>, se une a&nbsp;<a href=\"https:\/\/www.toyota-tsusho.com\/english\/\">Toyota Tsusho<\/a>&nbsp;para crear TY Optics M\u00e9xico.<\/p>\n\n\n\n<div style=\"height:25px\" aria-hidden=\"true\" class=\"wp-block-spacer\"><\/div>\n\n\n\n<hr class=\"wp-block-separator has-alpha-channel-opacity is-style-dots\"\/>\n\n\n\t\t\t<!-- Cool Timeline Free V3.0.8 -->\n\t\t\t<div class=\"ctl-wrapper\" role=\"region\" aria-label=\"Timeline\">\n\t\t\t\t\t\t\t\t<div id=\"cool_timeline_1\" class=\"cool-timeline-wrapper ctl-both-sided ctl-vertical-wrapper\" >\n\t\t\t\t\t<div class=\"ctl-start\"><\/div>\n\t\t\t\t\t<!-- Timeline Container -->\n\t\t\t\t\t<div class=\"ctl-timeline ctl-timeline-container\" data-animation=\"fade-up\">\n\t\t\t\t\t\t<!-- Center Line -->\n\t\t\t\t\t\t<div class=\"ctl-inner-line\" role=\"presentation\"><\/div>\n\t\t\t\t\t\t<!-- Timeline Content --><div  id=\"ctl-story-701\" class=\"ctl-story ctl-story-icon odd ctl-story-right\" data-aos=\"fade-up\"   data-story-index=\"1\" role=\"article\"><!-- Story Date --><div class=\"ctl-labels\"><div class=\"ctl-label-big story-date\">1936<\/div><\/div><!-- Story Icon --><div class=\"ctl-icon\"><i class= \"fa fas fa-map-marker-alt\" aria-hidden =\"true\"><\/i><\/div> <!-- Story Arrow --><div class=\"ctl-arrow\"><\/div><!-- Story Content --><div class=\"ctl-content\"><!-- Story Title --><div class=\"ctl-title story-701\" aria-label=\"2\">1936<\/div><!-- Story Description --><div class=\"ctl-description\">Se establece Toyota Tsusho Corporation en Jap\u00f3n<\/div><\/div><\/div><!-- Timeline Content --><div  id=\"ctl-story-702\" class=\"ctl-story ctl-story-icon even ctl-story-left\" data-aos=\"fade-up\"   data-story-index=\"2\" role=\"article\"><!-- Story Date --><div class=\"ctl-labels\"><div class=\"ctl-label-big story-date\">1950<\/div><\/div><!-- Story Icon --><div class=\"ctl-icon\"><i class= \"fa fas fa-map-marker-alt\" aria-hidden =\"true\"><\/i><\/div> <!-- Story Arrow --><div class=\"ctl-arrow\"><\/div><!-- Story Content --><div class=\"ctl-content\"><!-- Story Title --><div class=\"ctl-title story-702\" aria-label=\"2\">1950<\/div><!-- Story Description --><div class=\"ctl-description\"><p>Se establece Yoshikawa Kasei en  Osaka, Jap\u00f3n.<\/p>\n<\/div><\/div><\/div><!-- Timeline Content --><div  id=\"ctl-story-774\" class=\"ctl-story ctl-story-icon odd ctl-story-right\" data-aos=\"fade-up\"   data-story-index=\"3\" role=\"article\"><!-- Story Date --><div class=\"ctl-labels\"><div class=\"ctl-label-big story-date\">2014<\/div><\/div><!-- Story Icon --><div class=\"ctl-icon\"><i class= \"fa fas fa-map-marker-alt\" aria-hidden =\"true\"><\/i><\/div> <!-- Story Arrow --><div class=\"ctl-arrow\"><\/div><!-- Story Content --><div class=\"ctl-content\"><!-- Story Title --><div class=\"ctl-title story-774\" aria-label=\"2\">2014<\/div><!-- Story Description --><div class=\"ctl-description\"><p>Se establece TY Optics en Tailandia.<\/p>\n<\/div><\/div><\/div><!-- Timeline Content --><div  id=\"ctl-story-775\" class=\"ctl-story ctl-story-icon even ctl-story-left\" data-aos=\"fade-up\"   data-story-index=\"4\" role=\"article\"><!-- Story Date --><div class=\"ctl-labels\"><div class=\"ctl-label-big story-date\">2015<\/div><\/div><!-- Story Icon --><div class=\"ctl-icon\"><i class=\"fa fa-clock-o\" aria-hidden=\"true\"><\/i><\/div> <!-- Story Arrow --><div class=\"ctl-arrow\"><\/div><!-- Story Content --><div class=\"ctl-content\"><!-- Story Title --><div class=\"ctl-title story-775\" aria-label=\"2\">2015<\/div><!-- Story Description --><div class=\"ctl-description\"><p>Se establece TY Optics Jap\u00f3n<\/p>\n<\/div><\/div><\/div><!-- Timeline Content --><div  id=\"ctl-story-776\" class=\"ctl-story ctl-story-icon odd ctl-story-right\" data-aos=\"fade-up\"   data-story-index=\"5\" role=\"article\"><!-- Story Date --><div class=\"ctl-labels\"><div class=\"ctl-label-big story-date\">2018<\/div><\/div><!-- Story Icon --><div class=\"ctl-icon\"><i class= \"fa fas fa-map-marker-alt\" aria-hidden =\"true\"><\/i><\/div> <!-- Story Arrow --><div class=\"ctl-arrow\"><\/div><!-- Story Content --><div class=\"ctl-content\"><!-- Story Title --><div class=\"ctl-title story-776\" aria-label=\"2\">2018<\/div><!-- Story Description --><div class=\"ctl-description\"><p>Se establece TY Optics M\u00e9xico en San Luis Potos\u00ed, M\u00e9xico.<\/p>\n<\/div><\/div><\/div><!-- Timeline Content --><div  id=\"ctl-story-778\" class=\"ctl-story ctl-story-icon even ctl-story-left\" data-aos=\"fade-up\"   data-story-index=\"6\" role=\"article\"><!-- Story Date --><div class=\"ctl-labels\"><div class=\"ctl-label-big story-date\">2023<\/div><\/div><!-- Story Icon --><div class=\"ctl-icon\"><i class= \"fa fas fa-map-marker\" aria-hidden =\"true\"><\/i><\/div> <!-- Story Arrow --><div class=\"ctl-arrow\"><\/div><!-- Story Content --><div class=\"ctl-content\"><!-- Story Title --><div class=\"ctl-title story-778\" aria-label=\"2\">2023<\/div><!-- Story Description --><div class=\"ctl-description\"><p>TY Optics M\u00e9xico se certifica en IATF 16949.<\/p>\n<\/div><\/div><\/div><!-- Timeline Content --><div  id=\"ctl-story-777\" class=\"ctl-story ctl-story-icon odd ctl-story-right\" data-aos=\"fade-up\"   data-story-index=\"7\" role=\"article\"><!-- Story Date --><div class=\"ctl-labels\"><div class=\"ctl-label-big story-date\">2024<\/div><\/div><!-- Story Icon --><div class=\"ctl-icon\"><i class= \"fa fas fa-map-marker-alt\" aria-hidden =\"true\"><\/i><\/div> <!-- Story Arrow --><div class=\"ctl-arrow\"><\/div><!-- Story Content --><div class=\"ctl-content\"><!-- Story Title --><div class=\"ctl-title story-777\" aria-label=\"2\">2019<\/div><!-- Story Description --><div class=\"ctl-description\"><p>TY Optics M\u00e9xico inicia sus operaciones con \u00e9xito.<\/p>\n<\/div><\/div><\/div>\t\t\t\t\t<\/div>\n\t\t\t\t\t<div class=\"ctl-end\"><\/div>\n\t\t\t\t\t\t\t\t\t<\/div>\n\t\t\t<\/div>\n\t\t\t<\/div><\/div><\/div>\n<\/div><\/div><\/div><\/div><\/div>","protected":false},"excerpt":{"rendered":"","protected":false},"author":1,"featured_media":0,"parent":0,"menu_order":0,"comment_status":"closed","ping_status":"closed","template":"","meta":{"_eb_attr":"","footnotes":""},"wf_page_folders":[],"class_list":["post-704","page","type-page","status-publish","hentry"],"_links":{"self":[{"href":"https:\/\/tyopticsmexico.com\/en\/wp-json\/wp\/v2\/pages\/704","targetHints":{"allow":["GET"]}}],"collection":[{"href":"https:\/\/tyopticsmexico.com\/en\/wp-json\/wp\/v2\/pages"}],"about":[{"href":"https:\/\/tyopticsmexico.com\/en\/wp-json\/wp\/v2\/types\/page"}],"author":[{"embeddable":true,"href":"https:\/\/tyopticsmexico.com\/en\/wp-json\/wp\/v2\/users\/1"}],"replies":[{"embeddable":true,"href":"https:\/\/tyopticsmexico.com\/en\/wp-json\/wp\/v2\/comments?post=704"}],"version-history":[{"count":41,"href":"https:\/\/tyopticsmexico.com\/en\/wp-json\/wp\/v2\/pages\/704\/revisions"}],"predecessor-version":[{"id":959,"href":"https:\/\/tyopticsmexico.com\/en\/wp-json\/wp\/v2\/pages\/704\/revisions\/959"}],"wp:attachment":[{"href":"https:\/\/tyopticsmexico.com\/en\/wp-json\/wp\/v2\/media?parent=704"}],"wp:term":[{"taxonomy":"wf_page_folders","embeddable":true,"href":"https:\/\/tyopticsmexico.com\/en\/wp-json\/wp\/v2\/wf_page_folders?post=704"}],"curies":[{"name":"wp","href":"https:\/\/api.w.org\/{rel}","templated":true}]}}