{"id":679,"date":"2024-02-28T12:25:48","date_gmt":"2024-02-28T18:25:48","guid":{"rendered":"https:\/\/tyopticsmexico.com\/?page_id=679"},"modified":"2025-06-24T10:23:32","modified_gmt":"2025-06-24T16:23:32","slug":"estudiantes","status":"publish","type":"page","link":"https:\/\/tyopticsmexico.com\/en\/estudiantes\/","title":{"rendered":"Estudiantes"},"content":{"rendered":"<div class=\"wp-block-essential-blocks-row alignfull  root-eb-row-u0y3d\"><div class=\"eb-parent-wrapper eb-parent-eb-row-u0y3d\"><div class=\"eb-row-root-container eb-row-u0y3d\" data-id=\"eb-row-u0y3d\"><div class=\"eb-row-wrapper\"><div class=\"eb-row-inner\">\n<div class=\"wp-block-essential-blocks-column  root-eb-column-ujlas\"><div class=\"eb-parent-wrapper eb-parent-eb-column-ujlas\"><div class=\"eb-column-wrapper eb-column-ujlas\"><div class=\"eb-column-inner\">\n<h3 class=\"wp-block-heading\">TY Optics M\u00e9xico ofrece la oportunidad de desarrollo y crecimiento profesional para estudiantes y reci\u00e9n egresados<\/h3>\n\n\n\n<div style=\"height:54px\" aria-hidden=\"true\" class=\"wp-block-spacer\"><\/div>\n\n\n\n<p>Participa en algunos de nuestros programas de pr\u00e1cticas profesionales y prep\u00e1rate para la industria con ayuda de expertos en el \u00e1rea quienes te asesorar\u00e1n en tu trayectoria en TY Optics M\u00e9xico y con quienes trabajar\u00e1s grandes proyectos de la industria automotriz.<\/p>\n\n\n\n<div class=\"wp-block-essential-blocks-button  root-eb-button-pxfyj\"><div class=\"eb-parent-wrapper eb-parent-eb-button-pxfyj\"><div class=\"eb-button-wrapper eb-button-alignment eb-button-pxfyj\"><div class=\"eb-button\"><div class=\"eb-button-inner-wrapper\"><a class=\"eb-button-anchor\" href=\"https:\/\/tyopticsmexico.com\/en\/jobs\/\" rel=\"noopener\">Explorar<\/a><\/div><\/div><\/div><\/div><\/div>\n<\/div><\/div><\/div><\/div>\n\n\n\n<div class=\"wp-block-essential-blocks-column  root-eb-column-ch76g\"><div class=\"eb-parent-wrapper eb-parent-eb-column-ch76g\"><div class=\"eb-column-wrapper eb-column-ch76g\"><div class=\"eb-column-inner\">\n<figure class=\"wp-block-image size-full\"><img fetchpriority=\"high\" decoding=\"async\" width=\"1280\" height=\"853\" src=\"https:\/\/tyopticsmexico.com\/wp-content\/uploads\/2024\/02\/telework-technology-laptop-6795505.jpg\" alt=\"telework, technology, laptop-6795505.jpg\" class=\"wp-image-695\" srcset=\"https:\/\/tyopticsmexico.com\/wp-content\/uploads\/2024\/02\/telework-technology-laptop-6795505.jpg 1280w, https:\/\/tyopticsmexico.com\/wp-content\/uploads\/2024\/02\/telework-technology-laptop-6795505-600x400.jpg 600w\" sizes=\"(max-width: 1280px) 100vw, 1280px\" \/><\/figure>\n<\/div><\/div><\/div><\/div>\n<\/div><\/div><\/div><\/div><\/div>\n\n\n\n<div style=\"height:100px\" aria-hidden=\"true\" class=\"wp-block-spacer\"><\/div>\n\n\n\n<div class=\"wp-block-essential-blocks-advanced-heading  root-eb-advance-heading-xg9dn\"><div class=\"eb-parent-wrapper eb-parent-eb-advance-heading-xg9dn\"><div class=\"eb-advance-heading-wrapper eb-advance-heading-xg9dn preset-0 undefined\" data-id=\"eb-advance-heading-xg9dn\"><h3 class=\"eb-ah-title\"><span class=\"first-title\">Lee algunos de nuestros testimonios<\/span><\/h3><\/div><\/div><\/div>\n\n\n\n<div class=\"wp-block-essential-blocks-row alignfull  root-eb-row-bu0fq\"><div class=\"eb-parent-wrapper eb-parent-eb-row-bu0fq\"><div class=\"eb-row-root-container eb-row-bu0fq\" data-id=\"eb-row-bu0fq\"><div class=\"eb-row-wrapper\"><div class=\"eb-row-inner\">\n<div class=\"wp-block-essential-blocks-column  root-eb-column-pti0i\"><div class=\"eb-parent-wrapper eb-parent-eb-column-pti0i\"><div class=\"eb-column-wrapper eb-column-pti0i\"><div class=\"eb-column-inner\">\n<div class=\"wp-block-essential-blocks-row alignfull  root-eb-row-2icnr\"><div class=\"eb-parent-wrapper eb-parent-eb-row-2icnr\"><div class=\"eb-row-root-container eb-row-2icnr\" data-id=\"eb-row-2icnr\"><div class=\"eb-row-wrapper\"><div class=\"eb-row-inner\">\n<div class=\"wp-block-essential-blocks-column  root-eb-column-ruzqi\"><div class=\"eb-parent-wrapper eb-parent-eb-column-ruzqi\"><div class=\"eb-column-wrapper eb-column-ruzqi\"><div class=\"eb-column-inner\"><\/div><\/div><\/div><\/div>\n\n\n\n<div class=\"wp-block-essential-blocks-column  root-eb-column-38r0r\"><div class=\"eb-parent-wrapper eb-parent-eb-column-38r0r eb_animation eb___animated eb___slideInUp\"><div class=\"eb-column-wrapper eb-column-38r0r\"><div class=\"eb-column-inner\">\n<hr class=\"wp-block-separator has-css-opacity is-style-default\"\/>\n\n\n<div class=\"wp-block-image is-style-rounded\">\n<figure class=\"aligncenter size-large is-resized\"><img decoding=\"async\" src=\"https:\/\/s.w.org\/images\/core\/5.8\/portrait.jpg\" alt=\"Perfil lateral de una mujer con un jersey de cuello alto de color rojizo y un bolso blanco. Mira hacia arriba con los ojos cerrados.\" style=\"width:150px;height:150px\"\/><\/figure><\/div>\n\n\n<blockquote class=\"wp-block-quote has-text-align-center is-style-large is-layout-flow wp-block-quote-is-layout-flow\">\n<p class=\"has-white-background-color has-background\">\u201cCuidar de la tecnolog\u00eda y la ciberseguridad es esencial para que nuestros datos est\u00e9n siempre&nbsp; protegidos. Por eso, fomentamos a nuestros colaboradores y asociados a proteger los sistemas de informaci\u00f3n de la compa\u00f1\u00eda promoviendo la conciencia cibern\u00e9tica.<\/p>\n\n\n\n<p class=\"has-white-background-color has-background\">TY Optics M\u00e9xico me ha dado grandes oportunidades para desarrollarme en el \u00e1rea de las Tecnolog\u00edas de la Informaci\u00f3n y Comunicaci\u00f3n y con ello he crecido profesionalmente desde que inici\u00e9 realizando mis pr\u00e1cticas profesionales.\u201d<\/p>\n<cite>\u2014 <em>Tecnolog\u00edas de la Informaci\u00f3n, 2024<\/em><\/cite><\/blockquote>\n\n\n\n<hr class=\"wp-block-separator has-css-opacity is-style-default\"\/>\n<\/div><\/div><\/div><\/div>\n\n\n\n<div class=\"wp-block-essential-blocks-column  root-eb-column-manii\"><div class=\"eb-parent-wrapper eb-parent-eb-column-manii\"><div class=\"eb-column-wrapper eb-column-manii\"><div class=\"eb-column-inner\"><\/div><\/div><\/div><\/div>\n<\/div><\/div><\/div><\/div><\/div>\n\n\n\n<div style=\"height:47px\" aria-hidden=\"true\" class=\"wp-block-spacer\"><\/div>\n\n\n\n<div class=\"wp-block-essential-blocks-row alignfull  root-eb-row-weenc\"><div class=\"eb-parent-wrapper eb-parent-eb-row-weenc\"><div class=\"eb-row-root-container eb-row-weenc\" data-id=\"eb-row-weenc\"><div class=\"eb-row-wrapper\"><div class=\"eb-row-inner\">\n<div class=\"wp-block-essential-blocks-column  root-eb-column-c3lcr\"><div class=\"eb-parent-wrapper eb-parent-eb-column-c3lcr\"><div class=\"eb-column-wrapper eb-column-c3lcr\"><div class=\"eb-column-inner\"><\/div><\/div><\/div><\/div>\n\n\n\n<div class=\"wp-block-essential-blocks-column  root-eb-column-hr25d\"><div class=\"eb-parent-wrapper eb-parent-eb-column-hr25d eb_animation eb___animated eb___slideInUp\"><div class=\"eb-column-wrapper eb-column-hr25d\"><div class=\"eb-column-inner\">\n<hr class=\"wp-block-separator has-css-opacity is-style-default\"\/>\n\n\n<div class=\"wp-block-image is-style-rounded\">\n<figure class=\"aligncenter size-large is-resized\"><img decoding=\"async\" src=\"https:\/\/s.w.org\/images\/core\/5.8\/portrait.jpg\" alt=\"Perfil lateral de una mujer con un jersey de cuello alto de color rojizo y un bolso blanco. Mira hacia arriba con los ojos cerrados.\" style=\"width:150px;height:150px\"\/><\/figure><\/div>\n\n\n<blockquote class=\"wp-block-quote has-text-align-center is-style-large is-layout-flow wp-block-quote-is-layout-flow\">\n<p class=\"has-white-background-color has-background\">\u201cTY Optics M\u00e9xico ha sido un paso importante en mi carrera en Administraci\u00f3n, me ha dado oportunidades de crecimiento y he aprendido mucho en el \u00e1rea administrativa. Adem\u00e1s, el convivir con personas expertas me ha ayudado a adquirir nuevas habilidades que me permitir\u00e1n continuar con mi crecimiento profesional\u201d<\/p>\n<cite>\u2014 <em>Compras, 2024<\/em><\/cite><\/blockquote>\n\n\n\n<hr class=\"wp-block-separator has-css-opacity is-style-default\"\/>\n<\/div><\/div><\/div><\/div>\n\n\n\n<div class=\"wp-block-essential-blocks-column  root-eb-column-9v1k9\"><div class=\"eb-parent-wrapper eb-parent-eb-column-9v1k9\"><div class=\"eb-column-wrapper eb-column-9v1k9\"><div class=\"eb-column-inner\"><\/div><\/div><\/div><\/div>\n<\/div><\/div><\/div><\/div><\/div>\n<\/div><\/div><\/div><\/div>\n<\/div><\/div><\/div><\/div><\/div>","protected":false},"excerpt":{"rendered":"","protected":false},"author":1,"featured_media":0,"parent":0,"menu_order":0,"comment_status":"closed","ping_status":"closed","template":"","meta":{"_eb_attr":"","footnotes":""},"wf_page_folders":[],"class_list":["post-679","page","type-page","status-publish","hentry"],"_links":{"self":[{"href":"https:\/\/tyopticsmexico.com\/en\/wp-json\/wp\/v2\/pages\/679","targetHints":{"allow":["GET"]}}],"collection":[{"href":"https:\/\/tyopticsmexico.com\/en\/wp-json\/wp\/v2\/pages"}],"about":[{"href":"https:\/\/tyopticsmexico.com\/en\/wp-json\/wp\/v2\/types\/page"}],"author":[{"embeddable":true,"href":"https:\/\/tyopticsmexico.com\/en\/wp-json\/wp\/v2\/users\/1"}],"replies":[{"embeddable":true,"href":"https:\/\/tyopticsmexico.com\/en\/wp-json\/wp\/v2\/comments?post=679"}],"version-history":[{"count":20,"href":"https:\/\/tyopticsmexico.com\/en\/wp-json\/wp\/v2\/pages\/679\/revisions"}],"predecessor-version":[{"id":1173,"href":"https:\/\/tyopticsmexico.com\/en\/wp-json\/wp\/v2\/pages\/679\/revisions\/1173"}],"wp:attachment":[{"href":"https:\/\/tyopticsmexico.com\/en\/wp-json\/wp\/v2\/media?parent=679"}],"wp:term":[{"taxonomy":"wf_page_folders","embeddable":true,"href":"https:\/\/tyopticsmexico.com\/en\/wp-json\/wp\/v2\/wf_page_folders?post=679"}],"curies":[{"name":"wp","href":"https:\/\/api.w.org\/{rel}","templated":true}]}}