{"id":618,"date":"2024-02-26T13:02:26","date_gmt":"2024-02-26T19:02:26","guid":{"rendered":"https:\/\/tyopticsmexico.com\/?page_id=618"},"modified":"2024-04-12T07:32:58","modified_gmt":"2024-04-12T13:32:58","slug":"contacto-2","status":"publish","type":"page","link":"https:\/\/tyopticsmexico.com\/en\/contacto-2\/","title":{"rendered":"Contacto"},"content":{"rendered":"<div class=\"wp-block-cover alignwide\" style=\"min-height:498px;aspect-ratio:unset;\"><span aria-hidden=\"true\" class=\"wp-block-cover__background has-background-dim\"><\/span><img fetchpriority=\"high\" decoding=\"async\" width=\"1280\" height=\"486\" class=\"wp-block-cover__image-background wp-image-619\" alt=\"contact us, email, phone-6933645.jpg\" src=\"https:\/\/tyopticsmexico.com\/wp-content\/uploads\/2024\/02\/contact-us-email-phone-6933645.jpg\" data-object-fit=\"cover\" srcset=\"https:\/\/tyopticsmexico.com\/wp-content\/uploads\/2024\/02\/contact-us-email-phone-6933645.jpg 1280w, https:\/\/tyopticsmexico.com\/wp-content\/uploads\/2024\/02\/contact-us-email-phone-6933645-600x228.jpg 600w\" sizes=\"(max-width: 1280px) 100vw, 1280px\" \/><div class=\"wp-block-cover__inner-container is-layout-constrained wp-block-cover-is-layout-constrained\">\n<p class=\"has-text-align-center has-large-font-size\">Escr\u00edbenos a cualquiera de nuestros medios y pronto uno de nuestros asesores se pondr\u00e1 en contacto contigo<\/p>\n\n\n\n<div style=\"height:70px\" aria-hidden=\"true\" class=\"wp-block-spacer\"><\/div>\n\n\n\n<div class=\"wp-block-essential-blocks-dual-button\"><div class=\"eb-parent-wrapper eb-parent-eb-button-group-1rq96\"><div class=\"eb-button-group-wrapper eb-button-group-1rq96 preset-2\" data-id=\"eb-button-group-1rq96\"><a class=\"eb-button-parent eb-button-one\" href=\"https:\/\/tyopticsmexico.com\/en\/contactanos\/\" target=\"_blank\" rel=\"noopener\"><div class=\"eb-button-text eb-button-one-text\">Si necesitas consultar con un especialista sobre nuestros productos, haz clic aqu\u00ed<\/div><\/a><a class=\"eb-button-parent eb-button-two\" href=\"https:\/\/tyopticsmexico.com\/en\/contacto\/\" target=\"_blank\" rel=\"noopener\"><div class=\"eb-button-text eb-button-two-text\">Si necesitas informaci\u00f3n de nuestro equipo de reclutamiento, haz clic aqu\u00ed<\/div><\/a><\/div><\/div><\/div>\n<\/div><\/div>\n\n\n\n<div class=\"wp-block-columns alignwide is-layout-flex wp-container-core-columns-is-layout-9d6595d7 wp-block-columns-is-layout-flex\">\n<div class=\"wp-block-column is-layout-flow wp-block-column-is-layout-flow\">\n<div class=\"wp-block-cover\" style=\"min-height:655px;aspect-ratio:unset;\"><span aria-hidden=\"true\" class=\"wp-block-cover__background has-background-dim\"><\/span><img decoding=\"async\" width=\"1280\" height=\"719\" class=\"wp-block-cover__image-background wp-image-621\" alt=\"background, blue, desktop backgrounds-1984434.jpg\" src=\"https:\/\/tyopticsmexico.com\/wp-content\/uploads\/2024\/02\/background-blue-desktop-backgrounds-1984434.jpg\" data-object-fit=\"cover\" srcset=\"https:\/\/tyopticsmexico.com\/wp-content\/uploads\/2024\/02\/background-blue-desktop-backgrounds-1984434.jpg 1280w, https:\/\/tyopticsmexico.com\/wp-content\/uploads\/2024\/02\/background-blue-desktop-backgrounds-1984434-600x337.jpg 600w\" sizes=\"(max-width: 1280px) 100vw, 1280px\" \/><div class=\"wp-block-cover__inner-container is-layout-constrained wp-block-cover-is-layout-constrained\">\n<p class=\"has-text-align-center has-medium-font-size\">O bien, ll\u00e1manos a nuestra l\u00ednea telef\u00f3nica en horario de oficina<\/p>\n\n\n\n<p class=\"has-text-align-center\">Lun-Vie de 08:00 am a 15:00 pm<\/p>\n\n\n\n<div style=\"height:28px\" aria-hidden=\"true\" class=\"wp-block-spacer\"><\/div>\n\n\n\n<div class=\"wp-block-columns is-layout-flex wp-container-core-columns-is-layout-9d6595d7 wp-block-columns-is-layout-flex\">\n<div class=\"wp-block-column is-layout-flow wp-block-column-is-layout-flow\" style=\"flex-basis:90px\">\n<div class=\"wp-block-essential-blocks-icon\"><div class=\"eb-parent-wrapper eb-parent-eb-icon-jjb3q\"><div class=\"eb-icon-wrapper eb-icon-jjb3q eb-icon-view-framed eb-icon-shape-circle\" data-id=\"eb-icon-jjb3q\"><div class=\"eb-icon-container\"><span class=\"dashicon dashicons dashicons-phone\"><\/span><\/div><\/div><\/div><\/div>\n<\/div>\n\n\n\n<div class=\"wp-block-column is-vertically-aligned-center is-layout-flow wp-block-column-is-layout-flow\">\n<p>(444) 180-7527<\/p>\n<\/div>\n<\/div>\n\n\n\n<p class=\"has-text-align-center\">O env\u00edanos un mensaje a nuestro tel\u00e9fono de WhatsApp<\/p>\n\n\n\n<div style=\"height:15px\" aria-hidden=\"true\" class=\"wp-block-spacer\"><\/div>\n\n\n\n<div class=\"wp-block-columns is-layout-flex wp-container-core-columns-is-layout-9d6595d7 wp-block-columns-is-layout-flex\">\n<div class=\"wp-block-column is-layout-flow wp-block-column-is-layout-flow\" style=\"flex-basis:90px\">\n<div class=\"wp-block-essential-blocks-icon\"><div class=\"eb-parent-wrapper eb-parent-eb-icon-kulr7\"><div class=\"eb-icon-wrapper eb-icon-kulr7 eb-icon-view-framed eb-icon-shape-circle\" data-id=\"eb-icon-kulr7\"><div class=\"eb-icon-container\"><i icon=\"fab fa-whatsapp\" class=\"fab fa-whatsapp\"><\/i><\/div><\/div><\/div><\/div>\n<\/div>\n\n\n\n<div class=\"wp-block-column is-vertically-aligned-center is-layout-flow wp-block-column-is-layout-flow\">\n<p>(444) 180-7527<\/p>\n<\/div>\n<\/div>\n<\/div><\/div>\n<\/div>\n\n\n\n<div class=\"wp-block-column is-layout-flow wp-block-column-is-layout-flow\" style=\"flex-basis:400px\">\n<figure class=\"wp-block-image size-full is-resized is-style-default\"><img decoding=\"async\" width=\"585\" height=\"747\" src=\"https:\/\/tyopticsmexico.com\/wp-content\/uploads\/2024\/02\/callcenter.jpg\" alt=\"\" class=\"wp-image-633\" style=\"aspect-ratio:0.7107093184979137;object-fit:contain;width:534px;height:auto\"\/><\/figure>\n<\/div>\n<\/div>\n\n\n\n<div class=\"wp-block-essential-blocks-row alignfull\"><div class=\"eb-parent-wrapper eb-parent-eb-row-m0540\"><div class=\"eb-row-root-container eb-row-m0540\" data-id=\"eb-row-m0540\"><div class=\"eb-row-wrapper\"><div class=\"eb-row-inner\"><\/div><\/div><\/div><\/div><\/div>\n\n\n\n<div class=\"wp-block-essential-blocks-row alignfull\"><div class=\"eb-parent-wrapper eb-parent-eb-row-c11dq\"><div class=\"eb-row-root-container eb-row-c11dq\" data-id=\"eb-row-c11dq\"><div class=\"eb-row-wrapper\"><div class=\"eb-row-inner\">\n<div class=\"eb-parent-wrapper eb-parent-eb-column-t3g2q  wp-block-essential-blocks-column\"><div class=\"eb-column-wrapper eb-column-t3g2q\"><div class=\"eb-column-inner\">\n<h2 class=\"wp-block-heading has-text-align-center\">Encu\u00e9ntranos en Av. Santiago Poniente No. 123A, Parque Colinas de San Luis; Ciudad Sat\u00e9lite, S.L.P.<\/h2>\n\n\n\n<iframe src=\"https:\/\/www.google.com\/maps\/embed?pb=!1m18!1m12!1m3!1d7392.427381011864!2d-100.82725782923674!3d22.117826799999996!2m3!1f0!2f0!3f0!3m2!1i1024!2i768!4f13.1!3m3!1m2!1s0x842aa5c109c3aa85%3A0x1492f039179af2c5!2sTY%20Optics%20Mexico!5e0!3m2!1ses-419!2smx!4v1710053910576!5m2!1ses-419!2smx\" width=\"1200\" height=\"1000\" style=\"border:0;\" allowfullscreen=\"\" loading=\"lazy\" referrerpolicy=\"no-referrer-when-downgrade\"><\/iframe>\n<\/div><\/div><\/div>\n<\/div><\/div><\/div><\/div><\/div>","protected":false},"excerpt":{"rendered":"","protected":false},"author":1,"featured_media":0,"parent":0,"menu_order":0,"comment_status":"closed","ping_status":"closed","template":"","meta":{"_eb_attr":"","footnotes":""},"wf_page_folders":[],"class_list":["post-618","page","type-page","status-publish","hentry"],"_links":{"self":[{"href":"https:\/\/tyopticsmexico.com\/en\/wp-json\/wp\/v2\/pages\/618","targetHints":{"allow":["GET"]}}],"collection":[{"href":"https:\/\/tyopticsmexico.com\/en\/wp-json\/wp\/v2\/pages"}],"about":[{"href":"https:\/\/tyopticsmexico.com\/en\/wp-json\/wp\/v2\/types\/page"}],"author":[{"embeddable":true,"href":"https:\/\/tyopticsmexico.com\/en\/wp-json\/wp\/v2\/users\/1"}],"replies":[{"embeddable":true,"href":"https:\/\/tyopticsmexico.com\/en\/wp-json\/wp\/v2\/comments?post=618"}],"version-history":[{"count":24,"href":"https:\/\/tyopticsmexico.com\/en\/wp-json\/wp\/v2\/pages\/618\/revisions"}],"predecessor-version":[{"id":947,"href":"https:\/\/tyopticsmexico.com\/en\/wp-json\/wp\/v2\/pages\/618\/revisions\/947"}],"wp:attachment":[{"href":"https:\/\/tyopticsmexico.com\/en\/wp-json\/wp\/v2\/media?parent=618"}],"wp:term":[{"taxonomy":"wf_page_folders","embeddable":true,"href":"https:\/\/tyopticsmexico.com\/en\/wp-json\/wp\/v2\/wf_page_folders?post=618"}],"curies":[{"name":"wp","href":"https:\/\/api.w.org\/{rel}","templated":true}]}}