{"id":484,"date":"2024-02-07T21:25:58","date_gmt":"2024-02-08T03:25:58","guid":{"rendered":"https:\/\/tyopticsmexico.com\/?page_id=484"},"modified":"2025-02-19T15:21:36","modified_gmt":"2025-02-19T21:21:36","slug":"operador-de-produccion","status":"publish","type":"page","link":"https:\/\/tyopticsmexico.com\/en\/operador-de-produccion\/","title":{"rendered":"Descripci\u00f3n del puesto Operador de Producci\u00f3n"},"content":{"rendered":"<div class=\"wp-block-columns is-layout-flex wp-container-core-columns-is-layout-9d6595d7 wp-block-columns-is-layout-flex\">\n<div class=\"wp-block-column is-layout-flow wp-block-column-is-layout-flow\">\n<h2 class=\"wp-block-heading\">Operador de producci\u00f3n<\/h2>\n\n\n\n<p>San Luis Potos\u00ed, M\u00e9xico.<\/p>\n\n\n\n<div style=\"height:40px\" aria-hidden=\"true\" class=\"wp-block-spacer\"><\/div>\n\n\n\n<p><strong>Departamento:<\/strong><\/p>\n\n\n\n<p>Inyecci\u00f3n<\/p>\n\n\n\n<div style=\"height:40px\" aria-hidden=\"true\" class=\"wp-block-spacer\"><\/div>\n\n\n\n<p><strong>Escolaridad m\u00ednima:<\/strong><\/p>\n\n\n\n<p>Primaria<\/p>\n\n\n\n<div style=\"height:40px\" aria-hidden=\"true\" class=\"wp-block-spacer\"><\/div>\n\n\n\n<p><strong>Descripci\u00f3n del puesto:<\/strong><\/p>\n\n\n\n<ul class=\"wp-block-list\">\n<li>Organizar su \u00e1rea de trabajo de manera de que facilita sus actividades.<\/li>\n\n\n\n<li>Trabajar en el proceso de producci\u00f3n utilizando las instrucciones de trabajo y documentaci\u00f3n de apoyo dentro del sistema de operaci\u00f3n.<\/li>\n\n\n\n<li>Reportar el desempe\u00f1o diario.<\/li>\n\n\n\n<li>Desempe\u00f1ar tareas asignadas por el supervisor.<\/li>\n\n\n\n<li>Apoyar en actividades de calidad de acuerdo con las pol\u00edticas de la empresa.<\/li>\n\n\n\n<li>Documentar el proceso de Inyecci\u00f3n Participar en entrenamientos internos&nbsp;.<\/li>\n\n\n\n<li>Implementar ideas&nbsp; de mejora.<\/li>\n\n\n\n<li>Controlar y ser buen uso de los suministros de la planta acuerdo con lineamientos Proporcionar retroalimentaci\u00f3n de la mejora en el desempe\u00f1o al supervisor.<\/li>\n\n\n\n<li>Cumplimiento a el reglamento interno, la polic\u00eda de calidad y COCE.<\/li>\n\n\n\n<li>Cumplimiento con la ISO 9001-2015<\/li>\n<\/ul>\n\n\n\n<div style=\"height:40px\" aria-hidden=\"true\" class=\"wp-block-spacer\"><\/div>\n\n\n\n<p><strong>Requisitos:<\/strong><\/p>\n\n\n\n<ul class=\"wp-block-list\">\n<li>Disponibilidad de trabajar fines de semana.<\/li>\n\n\n\n<li>Disponibilidad de rolar turnos.<\/li>\n<\/ul>\n\n\n\n<div style=\"height:60px\" aria-hidden=\"true\" class=\"wp-block-spacer\"><\/div>\n\n\n\n<div class=\"wp-block-essential-blocks-button\"><div class=\"eb-parent-wrapper eb-parent-eb-button-q46lx\"><div class=\"eb-button-wrapper eb-button-alignment eb-button-q46lx\"><div class=\"eb-button\"><a class=\"eb-button-anchor\" href=\"https:\/\/tyopticsmexico.com\/en\/solicitud-vacante-operador\/\" rel=\"noopener\">Solicitar esta vacante<\/a><\/div><\/div><\/div><\/div>\n<\/div>\n<\/div>","protected":false},"excerpt":{"rendered":"<p>Operador de producci\u00f3n San Luis Potos\u00ed, M\u00e9xico. Departamento: Inyecci\u00f3n Escolaridad m\u00ednima: Primaria Descripci\u00f3n del puesto: Requisitos:<\/p>","protected":false},"author":1,"featured_media":0,"parent":0,"menu_order":0,"comment_status":"closed","ping_status":"closed","template":"","meta":{"_eb_attr":"","footnotes":"[]"},"wf_page_folders":[],"class_list":["post-484","page","type-page","status-publish","hentry"],"_links":{"self":[{"href":"https:\/\/tyopticsmexico.com\/en\/wp-json\/wp\/v2\/pages\/484","targetHints":{"allow":["GET"]}}],"collection":[{"href":"https:\/\/tyopticsmexico.com\/en\/wp-json\/wp\/v2\/pages"}],"about":[{"href":"https:\/\/tyopticsmexico.com\/en\/wp-json\/wp\/v2\/types\/page"}],"author":[{"embeddable":true,"href":"https:\/\/tyopticsmexico.com\/en\/wp-json\/wp\/v2\/users\/1"}],"replies":[{"embeddable":true,"href":"https:\/\/tyopticsmexico.com\/en\/wp-json\/wp\/v2\/comments?post=484"}],"version-history":[{"count":18,"href":"https:\/\/tyopticsmexico.com\/en\/wp-json\/wp\/v2\/pages\/484\/revisions"}],"predecessor-version":[{"id":1080,"href":"https:\/\/tyopticsmexico.com\/en\/wp-json\/wp\/v2\/pages\/484\/revisions\/1080"}],"wp:attachment":[{"href":"https:\/\/tyopticsmexico.com\/en\/wp-json\/wp\/v2\/media?parent=484"}],"wp:term":[{"taxonomy":"wf_page_folders","embeddable":true,"href":"https:\/\/tyopticsmexico.com\/en\/wp-json\/wp\/v2\/wf_page_folders?post=484"}],"curies":[{"name":"wp","href":"https:\/\/api.w.org\/{rel}","templated":true}]}}