{"id":324,"date":"2024-02-01T15:33:44","date_gmt":"2024-02-01T21:33:44","guid":{"rendered":"https:\/\/tyopticsmexico.com\/?page_id=324"},"modified":"2024-04-12T07:25:52","modified_gmt":"2024-04-12T13:25:52","slug":"contactanos","status":"publish","type":"page","link":"https:\/\/tyopticsmexico.com\/en\/contactanos\/","title":{"rendered":"Contacta a un especialista"},"content":{"rendered":"<div class=\"wp-block-essential-blocks-advanced-heading\"><div class=\"eb-parent-wrapper eb-parent-eb-advance-heading-iasdq\"><div class=\"eb-advance-heading-wrapper eb-advance-heading-iasdq button-1\" data-id=\"eb-advance-heading-iasdq\"><h2 class=\"eb-ah-title\">Cu\u00e9ntanos c\u00f3mo podemos ayudarte<\/h2><\/div><\/div><\/div>\n\n\n\n<div class=\"wp-block-essential-blocks-row alignfull\"><div class=\"eb-parent-wrapper eb-parent-eb-row-jtylx eb_animation eb___animated eb___slideInDown\"><div class=\"eb-row-root-container eb-row-jtylx\" data-id=\"eb-row-jtylx\"><div class=\"eb-row-wrapper\"><div class=\"eb-row-inner\">\n<div class=\"eb-parent-wrapper eb-parent-eb-column-q3lbr  wp-block-essential-blocks-column\"><div class=\"eb-column-wrapper eb-column-q3lbr\"><div class=\"eb-column-inner\"><div class=\"root-eb-form-rsurb wp-block-essential-blocks-form\">\n    <div class=\"eb-parent-wrapper eb-parent-eb-form-rsurb eb_animation eb___animated eb___fadeInDown\">\n        <div id=\"eb-form-rsurb\" class=\"eb-form-rsurb eb-form-wrapper\">\n            <form id=\"ebf-7c1f9b\"\n                class=\"eb-form form-layout-block form-style-classic\" action=\"\" data-trp-original-action=\"\">\n                <div class=\"eb-form-fields\">\n                                        \n\n<div class=\"wp-block-essential-blocks-row alignfull\"><div class=\"eb-parent-wrapper eb-parent-eb-row-8rjcz\"><div class=\"eb-row-root-container eb-row-8rjcz\" data-id=\"eb-row-8rjcz\"><div class=\"eb-row-wrapper\"><div class=\"eb-row-inner\">\n<div class=\"eb-parent-wrapper eb-parent-eb-column-awn9f  wp-block-essential-blocks-column\"><div class=\"eb-column-wrapper eb-column-awn9f\"><div class=\"eb-column-inner\">\n<div class=\"wp-block-essential-blocks-form-text-field eb-form-field\"><div class=\"eb-parent-wrapper eb-parent-eb-text-field-jh9m3\"><div class=\"eb-text-field-jh9m3 eb-text-field-wrapper eb-field-wrapper\"><label for=\"first-name\">Nombre <span class=\"eb-required\">*<\/span><\/label><div class=\"eb-field-input-wrap\"><i class=\"fas fa-user eb-input-icon\"><\/i><input type=\"text\" id=\"first-name\" name=\"first-name\" class=\"eb-field-input\" placeholder=\"Nombre\" \/><\/div><div class=\"eb-form-validation eb-validate-first-name\">This field is required.<\/div><\/div><\/div><\/div>\n<\/div><\/div><\/div>\n\n\n\n<div class=\"eb-parent-wrapper eb-parent-eb-column-4hq4r  wp-block-essential-blocks-column\"><div class=\"eb-column-wrapper eb-column-4hq4r\"><div class=\"eb-column-inner\">\n<div class=\"wp-block-essential-blocks-form-text-field eb-form-field\"><div class=\"eb-parent-wrapper eb-parent-eb-text-field-mcd1f\"><div class=\"eb-text-field-mcd1f eb-text-field-wrapper eb-field-wrapper\"><label for=\"last-name\">Apellidos <span class=\"eb-required\">*<\/span><\/label><div class=\"eb-field-input-wrap\"><i class=\"fas fa-user eb-input-icon\"><\/i><input type=\"text\" id=\"last-name\" name=\"last-name\" class=\"eb-field-input\" placeholder=\"Apellidos\" \/><\/div><div class=\"eb-form-validation eb-validate-last-name\">This field is required.<\/div><\/div><\/div><\/div>\n<\/div><\/div><\/div>\n<\/div><\/div><\/div><\/div><\/div>\n\n\n\n<div class=\"wp-block-essential-blocks-form-email-field eb-form-field\"><div class=\"eb-parent-wrapper eb-parent-eb-email-field-da4ql\"><div class=\"eb-email-field-da4ql eb-email-field-wrapper eb-field-wrapper\"><label for=\"email\">Correo electr\u00f3nico <span class=\"eb-required\">*<\/span><\/label><div class=\"eb-field-input-wrap\"><i class=\"far fa-envelope eb-input-icon\"><\/i><input type=\"email\" id=\"email\" name=\"email\" class=\"eb-field-input\" placeholder=\"Correo electr\u00f3nico corporativo\" \/><\/div><div class=\"eb-form-validation eb-validate-email\">This field is required.<\/div><\/div><\/div><\/div>\n\n\n\n<div class=\"wp-block-essential-blocks-form-number-field eb-form-field\"><div class=\"eb-parent-wrapper eb-parent-eb-number-field-u66y2\"><div class=\"eb-number-field-u66y2 eb-number-field-wrapper eb-field-wrapper\"><label for=\"phone\">Tel\u00e9fono <span class=\"eb-required\">*<\/span><\/label><div class=\"eb-field-input-wrap\"><i class=\"fas fa-phone eb-input-icon\"><\/i><input type=\"number\" id=\"phone\" name=\"phone\" class=\"eb-field-input\" placeholder=\"Ingresa tu n\u00famero de tel\u00e9fono a 10 dig\u00edtos\" \/><\/div><div class=\"eb-form-validation eb-validate-phone\">This field is required.<\/div><\/div><\/div><\/div>\n\n\n\n<div class=\"wp-block-essential-blocks-form-textarea-field eb-form-field\"><div class=\"eb-parent-wrapper eb-parent-eb-textarea-field-of5aw\"><div class=\"eb-textarea-field-of5aw eb-textarea-field-wrapper eb-field-wrapper\"><label for=\"message\">Mensaje <\/label><div class=\"eb-field-input-wrap\"><i class=\"far fa-edit eb-input-icon\"><\/i><textarea rows=\"6\" cols=\"100\" id=\"message\" class=\"eb-field-input\" name=\"message\" placeholder=\"Escribe tu mensaje aqu\u00ed\"><\/textarea><\/div><\/div><\/div><\/div>\n\n                <\/div>\n                <input class=\"form-nonce\" type=\"hidden\" name=\"form-nonce\" value=\"dc8798d381\" \/>\n                <div class=\"eb-form-submit\">\n                                        <button type=\"submit\" class=\"btn btn-primary eb-form-submit-button\" data-id=\"eb-form-rsurb\" data-form-id=\"ebf-7c1f9b\">\n                Submit<i class=\"fas fa-chevron-right eb-button-icon\"><\/i>\n                <img decoding=\"async\" class=\"eb-form-submit-loader\" src=\"https:\/\/tyopticsmexico.com\/wp-content\/plugins\/essential-blocks\/assets\/images\/loading.svg\" \/>\n            <\/button>                <\/div>\n            <input type=\"hidden\" name=\"trp-form-language\" value=\"en\"\/><\/form>\n            <div class=\"eb_form_submit_response\" data-confirmation-type=\"message\" data-success=\"Your form has been submitted Successfully!\" data-error=\"Your form couldn&#039;t been submitted! Please try again\"><\/div>        <\/div>\n    <\/div>\n<\/div><\/div><\/div><\/div>\n<\/div><\/div><\/div><\/div><\/div>","protected":false},"excerpt":{"rendered":"","protected":false},"author":1,"featured_media":0,"parent":0,"menu_order":0,"comment_status":"closed","ping_status":"closed","template":"","meta":{"_eb_attr":"","footnotes":""},"wf_page_folders":[],"class_list":["post-324","page","type-page","status-publish","hentry"],"_links":{"self":[{"href":"https:\/\/tyopticsmexico.com\/en\/wp-json\/wp\/v2\/pages\/324","targetHints":{"allow":["GET"]}}],"collection":[{"href":"https:\/\/tyopticsmexico.com\/en\/wp-json\/wp\/v2\/pages"}],"about":[{"href":"https:\/\/tyopticsmexico.com\/en\/wp-json\/wp\/v2\/types\/page"}],"author":[{"embeddable":true,"href":"https:\/\/tyopticsmexico.com\/en\/wp-json\/wp\/v2\/users\/1"}],"replies":[{"embeddable":true,"href":"https:\/\/tyopticsmexico.com\/en\/wp-json\/wp\/v2\/comments?post=324"}],"version-history":[{"count":6,"href":"https:\/\/tyopticsmexico.com\/en\/wp-json\/wp\/v2\/pages\/324\/revisions"}],"predecessor-version":[{"id":616,"href":"https:\/\/tyopticsmexico.com\/en\/wp-json\/wp\/v2\/pages\/324\/revisions\/616"}],"wp:attachment":[{"href":"https:\/\/tyopticsmexico.com\/en\/wp-json\/wp\/v2\/media?parent=324"}],"wp:term":[{"taxonomy":"wf_page_folders","embeddable":true,"href":"https:\/\/tyopticsmexico.com\/en\/wp-json\/wp\/v2\/wf_page_folders?post=324"}],"curies":[{"name":"wp","href":"https:\/\/api.w.org\/{rel}","templated":true}]}}