{"id":253,"date":"2024-01-31T10:21:12","date_gmt":"2024-01-31T16:21:12","guid":{"rendered":"https:\/\/tyopticsmexico.com\/?page_id=253"},"modified":"2024-04-01T14:25:48","modified_gmt":"2024-04-01T20:25:48","slug":"nuestros-productos","status":"publish","type":"page","link":"https:\/\/tyopticsmexico.com\/en\/nuestros-productos\/","title":{"rendered":"Our Products"},"content":{"rendered":"<h2 class=\"wp-block-heading has-text-align-center has-text-color has-link-color wp-elements-0b379074d72b5fe9ec3b6b2da4562151\" style=\"color:#04025a\">We manufacture different types of automotive lighting lenses by plastic injection.<\/h2>\n\n\n\n<div style=\"height:60px\" aria-hidden=\"true\" class=\"wp-block-spacer\"><\/div>\n\n\n\n<p class=\"has-text-align-center\" style=\"font-size:20px\">We work on the best projects since we have specialists in engineering of new models, experts in manufacturing and optical technologies, who are responsible for managing each project in detail to achieve the requirements of our clients.<\/p>\n\n\n\n<div style=\"height:35px\" aria-hidden=\"true\" class=\"wp-block-spacer\"><\/div>\n\n\n\n<div class=\"wp-block-essential-blocks-row alignfull\"><div class=\"eb-parent-wrapper eb-parent-eb-row-jpdkk\"><div class=\"eb-row-root-container eb-row-jpdkk\" data-id=\"eb-row-jpdkk\"><div class=\"eb-row-wrapper\"><div class=\"eb-row-inner\"><\/div><\/div><\/div><\/div><\/div>\n\n\n<div class=\"root-eb-post-carousel-jepqm alignwide wp-block-essential-blocks-post-carousel\">\n    <div class=\"eb-parent-wrapper eb-parent-eb-post-carousel-jepqm eb_animation eb___animated eb___fadeIn\">\n        <div class=\"eb-post-carousel-jepqm style-1 slick-arrows equal-height dot-style-2 eb-post-carousel-wrapper\"\n            data-id=\"eb-post-carousel-jepqm\"\n            data-querydata=\"a:13:{s:6:&quot;source&quot;;s:7:&quot;product&quot;;s:11:&quot;sourceIndex&quot;;i:2;s:9:&quot;rest_base&quot;;s:7:&quot;product&quot;;s:14:&quot;rest_namespace&quot;;s:5:&quot;wp\/v2&quot;;s:6:&quot;author&quot;;s:0:&quot;&quot;;s:10:&quot;taxonomies&quot;;a:1:{s:11:&quot;product_cat&quot;;a:5:{s:4:&quot;name&quot;;s:24:&quot;Categor\u00edas del producto&quot;;s:9:&quot;rest_base&quot;;s:11:&quot;product_cat&quot;;s:14:&quot;rest_namespace&quot;;s:5:&quot;wp\/v2&quot;;s:4:&quot;slug&quot;;s:11:&quot;product_cat&quot;;s:5:&quot;value&quot;;s:2:&quot;[]&quot;;}}s:8:&quot;per_page&quot;;s:1:&quot;4&quot;;s:6:&quot;offset&quot;;s:1:&quot;0&quot;;s:7:&quot;orderby&quot;;s:5:&quot;title&quot;;s:5:&quot;order&quot;;s:3:&quot;asc&quot;;s:7:&quot;include&quot;;s:0:&quot;&quot;;s:7:&quot;exclude&quot;;s:0:&quot;&quot;;s:15:&quot;exclude_current&quot;;b:1;}\"\n            data-slidersettings=\"{&quot;arrows&quot;:true,&quot;dots&quot;:true,&quot;autoplaySpeed&quot;:3000,&quot;speed&quot;:500,&quot;adaptiveHeight&quot;:true,&quot;autoplay&quot;:true,&quot;infinite&quot;:true,&quot;pauseOnHover&quot;:true,&quot;slideToShowRange&quot;:3,&quot;leftArrowIcon&quot;:&quot;fas fa-chevron-circle-left&quot;,&quot;rightArrowIcon&quot;:&quot;fas fa-chevron-circle-right&quot;,&quot;addIcon&quot;:false,&quot;showFallbackImg&quot;:false,&quot;fallbackImgUrl&quot;:&quot;&quot;,&quot;isRTLEnable&quot;:false,&quot;TABslideToShowRange&quot;:2,&quot;MOBslideToShowRange&quot;:1}\"\n            data-attributes=\"{&quot;preset&quot;:&quot;style-1&quot;,&quot;showThumbnail&quot;:true,&quot;showTitle&quot;:false,&quot;titleLength&quot;:&quot;10&quot;,&quot;titleTag&quot;:&quot;h2&quot;,&quot;showContent&quot;:false,&quot;contentLength&quot;:20,&quot;expansionIndicator&quot;:&quot;...&quot;,&quot;showReadMore&quot;:false,&quot;readmoreText&quot;:&quot;Read More&quot;,&quot;showMeta&quot;:false,&quot;headerMeta&quot;:&quot;[{\\&quot;value\\&quot;:\\&quot;categories\\&quot;,\\&quot;label\\&quot;:\\&quot;Categories\\&quot;}]&quot;,&quot;footerMeta&quot;:&quot;[{\\&quot;value\\&quot;:\\&quot;avatar\\&quot;,\\&quot;label\\&quot;:\\&quot;Author Avatar\\&quot;},{\\&quot;value\\&quot;:\\&quot;author\\&quot;,\\&quot;label\\&quot;:\\&quot;Author Name\\&quot;},{\\&quot;value\\&quot;:\\&quot;date\\&quot;,\\&quot;label\\&quot;:\\&quot;Published Date\\&quot;}]&quot;,&quot;authorPrefix&quot;:&quot;by&quot;,&quot;datePrefix&quot;:&quot;on&quot;,&quot;showBlockContent&quot;:true,&quot;leftArrowIcon&quot;:&quot;fas fa-chevron-circle-left&quot;,&quot;rightArrowIcon&quot;:&quot;fas fa-chevron-circle-right&quot;,&quot;showFallbackImg&quot;:false,&quot;isRTLEnable&quot;:false}\">\n\n            <div class=\"eb-post-carousel init-eb-post-carousel-jepqm\"\n                data-id=\"eb-post-carousel-jepqm\">\n                <article class=\"ebpg-carousel-post ebpg-post-carousel-column\" data-id=\"594\"><div class=\"ebpg-carousel-post-holder\"><div class=\"ebpg-entry-media\">\n                <div class=\"ebpg-entry-thumbnail\">\n                    <a class=\"ebpg-post-link-wrapper eb-sr-only\" href=\"https:\/\/tyopticsmexico.com\/en\/?p=594\">LENS-ID004<\/a>\n                    <img fetchpriority=\"high\" decoding=\"async\" width=\"1599\" height=\"985\" src=\"https:\/\/tyopticsmexico.com\/wp-content\/uploads\/2024\/02\/IMG_20240226_111713.jpg\" class=\"attachment-full size-full\" alt=\"\" \/>\n                <\/div>\n            <\/div><div class=\"ebpg-entry-wrapper\"><\/div><\/div><\/article><article class=\"ebpg-carousel-post ebpg-post-carousel-column\" data-id=\"584\"><div class=\"ebpg-carousel-post-holder\"><div class=\"ebpg-entry-media\">\n                <div class=\"ebpg-entry-thumbnail\">\n                    <a class=\"ebpg-post-link-wrapper eb-sr-only\" href=\"https:\/\/tyopticsmexico.com\/en\/?p=584\">LENSE-ID001<\/a>\n                    <img decoding=\"async\" width=\"1834\" height=\"1404\" src=\"https:\/\/tyopticsmexico.com\/wp-content\/uploads\/2024\/02\/IMG_20240226_085755.jpg\" class=\"attachment-full size-full\" alt=\"\" \/>\n                <\/div>\n            <\/div><div class=\"ebpg-entry-wrapper\"><\/div><\/div><\/article><article class=\"ebpg-carousel-post ebpg-post-carousel-column\" data-id=\"585\"><div class=\"ebpg-carousel-post-holder\"><div class=\"ebpg-entry-media\">\n                <div class=\"ebpg-entry-thumbnail\">\n                    <a class=\"ebpg-post-link-wrapper eb-sr-only\" href=\"https:\/\/tyopticsmexico.com\/en\/?p=585\">LENSE-ID002<\/a>\n                    <img decoding=\"async\" width=\"2155\" height=\"1465\" src=\"https:\/\/tyopticsmexico.com\/wp-content\/uploads\/2024\/02\/IMG_20240226_090203.jpg\" class=\"attachment-full size-full\" alt=\"\" \/>\n                <\/div>\n            <\/div><div class=\"ebpg-entry-wrapper\"><\/div><\/div><\/article><article class=\"ebpg-carousel-post ebpg-post-carousel-column\" data-id=\"587\"><div class=\"ebpg-carousel-post-holder\"><div class=\"ebpg-entry-media\">\n                <div class=\"ebpg-entry-thumbnail\">\n                    <a class=\"ebpg-post-link-wrapper eb-sr-only\" href=\"https:\/\/tyopticsmexico.com\/en\/?p=587\">LENSE-ID003<\/a>\n                    <img loading=\"lazy\" decoding=\"async\" width=\"2454\" height=\"1714\" src=\"https:\/\/tyopticsmexico.com\/wp-content\/uploads\/2024\/02\/IMG_20240226_085916.jpg\" class=\"attachment-full size-full\" alt=\"\" \/>\n                <\/div>\n            <\/div><div class=\"ebpg-entry-wrapper\"><\/div><\/div><\/article>            <\/div>\n        <\/div>\n    <\/div>\n<\/div>\n\n\n<div style=\"height:70px\" aria-hidden=\"true\" class=\"wp-block-spacer\"><\/div>\n\n\n\n<p style=\"font-size:20px\">If you have a project or are interested in our products, click on the following link and contact a specialist. <\/p>\n\n\n\n<div class=\"wp-block-essential-blocks-button\"><div class=\"eb-parent-wrapper eb-parent-eb-button-eae2k\"><div class=\"eb-button-wrapper eb-button-alignment eb-button-eae2k\"><div class=\"eb-button\"><a class=\"eb-button-anchor\" href=\"\" rel=\"noopener\"><i icon=\"fas fa-chevron-right\" class=\"fas fa-chevron-right eb-button-icon eb-button-icon-left hvr-icon\"><\/i>Contact an expert<\/a><\/div><\/div><\/div><\/div>","protected":false},"excerpt":{"rendered":"<p>Fabricamos diferentes tipos de lentes de iluminaci\u00f3n automotriz mediante inyecci\u00f3n de pl\u00e1stico. Trabajamos los mejores proyectos ya que contamos con especialistas en ingenier\u00eda de nuevos modelos expertos en tecnolog\u00edas de manufactura y \u00f3ptica quienes se encargan de gestionar detalladamente cada proyecto y as\u00ed poder cumplir con los requerimientos de nuestros clientes. Si tienes un proyecto [&hellip;]<\/p>","protected":false},"author":1,"featured_media":0,"parent":0,"menu_order":0,"comment_status":"closed","ping_status":"closed","template":"","meta":{"_eb_attr":"","footnotes":""},"wf_page_folders":[],"class_list":["post-253","page","type-page","status-publish","hentry"],"_links":{"self":[{"href":"https:\/\/tyopticsmexico.com\/en\/wp-json\/wp\/v2\/pages\/253","targetHints":{"allow":["GET"]}}],"collection":[{"href":"https:\/\/tyopticsmexico.com\/en\/wp-json\/wp\/v2\/pages"}],"about":[{"href":"https:\/\/tyopticsmexico.com\/en\/wp-json\/wp\/v2\/types\/page"}],"author":[{"embeddable":true,"href":"https:\/\/tyopticsmexico.com\/en\/wp-json\/wp\/v2\/users\/1"}],"replies":[{"embeddable":true,"href":"https:\/\/tyopticsmexico.com\/en\/wp-json\/wp\/v2\/comments?post=253"}],"version-history":[{"count":33,"href":"https:\/\/tyopticsmexico.com\/en\/wp-json\/wp\/v2\/pages\/253\/revisions"}],"predecessor-version":[{"id":898,"href":"https:\/\/tyopticsmexico.com\/en\/wp-json\/wp\/v2\/pages\/253\/revisions\/898"}],"wp:attachment":[{"href":"https:\/\/tyopticsmexico.com\/en\/wp-json\/wp\/v2\/media?parent=253"}],"wp:term":[{"taxonomy":"wf_page_folders","embeddable":true,"href":"https:\/\/tyopticsmexico.com\/en\/wp-json\/wp\/v2\/wf_page_folders?post=253"}],"curies":[{"name":"wp","href":"https:\/\/api.w.org\/{rel}","templated":true}]}}