{"id":224,"date":"2024-01-26T15:39:07","date_gmt":"2024-01-26T21:39:07","guid":{"rendered":"https:\/\/tyopticsmexico.com\/?page_id=224"},"modified":"2024-04-08T15:55:56","modified_gmt":"2024-04-08T21:55:56","slug":"impacto-ambiental","status":"publish","type":"page","link":"https:\/\/tyopticsmexico.com\/en\/impacto-ambiental\/","title":{"rendered":"Seguridad y medio ambiente"},"content":{"rendered":"<div class=\"wp-block-essential-blocks-row alignfull\"><div class=\"eb-parent-wrapper eb-parent-eb-row-m95sw eb_animation eb___animated eb___slideInUp\"><div class=\"eb-row-root-container eb-row-m95sw\" data-id=\"eb-row-m95sw\"><div class=\"eb-row-wrapper\"><div class=\"eb-row-inner\"><\/div><\/div><\/div><\/div><\/div>\n\n\n\n<div class=\"wp-block-essential-blocks-row alignfull\"><div class=\"eb-parent-wrapper eb-parent-eb-row-3nywr\"><div class=\"eb-row-root-container eb-row-3nywr\" data-id=\"eb-row-3nywr\"><div class=\"eb-row-wrapper\"><div class=\"eb-row-inner\">\n<div class=\"eb-parent-wrapper eb-parent-eb-column-f2t7p  wp-block-essential-blocks-column\"><div class=\"eb-column-wrapper eb-column-f2t7p\"><div class=\"eb-column-inner\">\n<div class=\"wp-block-essential-blocks-row alignfull\"><div class=\"eb-parent-wrapper eb-parent-eb-row-henjf\"><div class=\"eb-row-root-container eb-row-henjf\" data-id=\"eb-row-henjf\"><div class=\"eb-row-wrapper\"><div class=\"eb-row-inner\">\n<div class=\"eb-parent-wrapper eb-parent-eb-column-lovfm  wp-block-essential-blocks-column\"><div class=\"eb-column-wrapper eb-column-lovfm\"><div class=\"eb-column-inner\">\n<div class=\"wp-block-media-text is-stacked-on-mobile\" style=\"grid-template-columns:34% auto\"><figure class=\"wp-block-media-text__media\"><img fetchpriority=\"high\" decoding=\"async\" width=\"1280\" height=\"676\" src=\"https:\/\/tyopticsmexico.com\/wp-content\/uploads\/2024\/02\/earth-day-celebration-world-event-7903523.png\" alt=\"earth day, celebration, world event-7903523.jpg\" class=\"wp-image-544 size-full\" srcset=\"https:\/\/tyopticsmexico.com\/wp-content\/uploads\/2024\/02\/earth-day-celebration-world-event-7903523.png 1280w, https:\/\/tyopticsmexico.com\/wp-content\/uploads\/2024\/02\/earth-day-celebration-world-event-7903523-600x317.png 600w\" sizes=\"(max-width: 1280px) 100vw, 1280px\" \/><\/figure><div class=\"wp-block-media-text__content\">\n<div style=\"height:45px\" aria-hidden=\"true\" class=\"wp-block-spacer\"><\/div>\n\n\n\n<h2 class=\"wp-block-heading has-text-align-center\">Medio Ambiente<\/h2>\n\n\n\n<div style=\"height:45px\" aria-hidden=\"true\" class=\"wp-block-spacer\"><\/div>\n\n\n\n<p class=\"has-text-align-justify has-black-color has-text-color has-link-color has-medium-font-size\">TY Optics M\u00e9xico es una empresa comprometida con el cuidado del medio ambiente al contribuir con la disminuci\u00f3n de la contaminaci\u00f3n al planeta porque todos sus residuos son separados y tratados con proveedores especializados para su recolecci\u00f3n y reciclaje.<\/p>\n\n\n\n<div style=\"height:34px\" aria-hidden=\"true\" class=\"wp-block-spacer\"><\/div>\n\n\n\n<p class=\"has-text-align-justify-all has-black-color has-text-color has-link-color has-medium-font-size wp-elements-0be2e26c5b974ad16be71afedc335975\">Nos dedicamos a la inyecci\u00f3n de pl\u00e1stico y la cantidad de basura industrial resultante de nuestros procesos de fabricaci\u00f3n es m\u00ednima gracias a que se trabaja con profesionalismo y calidad.<\/p>\n<\/div><\/div>\n<\/div><\/div><\/div>\n<\/div><\/div><\/div><\/div><\/div>\n\n\n\n<div class=\"wp-block-essential-blocks-row alignfull\"><div class=\"eb-parent-wrapper eb-parent-eb-row-a6feg\"><div class=\"eb-row-root-container eb-row-a6feg\" data-id=\"eb-row-a6feg\"><div class=\"eb-row-wrapper\"><div class=\"eb-row-inner\">\n<div class=\"eb-parent-wrapper eb-parent-eb-column-pr7fd  wp-block-essential-blocks-column\"><div class=\"eb-column-wrapper eb-column-pr7fd\"><div class=\"eb-column-inner\">\n<div style=\"height:34px\" aria-hidden=\"true\" class=\"wp-block-spacer\"><\/div>\n\n\n\n<div class=\"wp-block-columns is-layout-flex wp-container-core-columns-is-layout-9d6595d7 wp-block-columns-is-layout-flex\">\n<div class=\"wp-block-column is-layout-flow wp-block-column-is-layout-flow\" style=\"flex-basis:25px\"><\/div>\n\n\n\n<div class=\"wp-block-column is-layout-flow wp-block-column-is-layout-flow\">\n<p class=\"has-medium-font-size\">En TY Optics M\u00e9xico, nos comprometemos a realizar todas nuestras actividades teniendo como prioridad la seguridad y salud de nuestros colaboradores y con ello a cooperar con las Autoridades locales, inspectores, y Entidades Colaboradoras de la Administraci\u00f3n para trabajar conjuntamente, eliminando y\/o reduciendo riesgos y minimizando los impactos ambientales.<\/p>\n\n\n\n<p class=\"has-medium-font-size\">Mantenemos un sistema de identificaci\u00f3n y evaluaci\u00f3n de riesgos con el fin de prevenir los riesgos y accidentes que puedan afectar al medio ambiente, la salud o seguridad de nuestro personal.<\/p>\n<\/div>\n\n\n\n<div class=\"wp-block-column is-layout-flow wp-block-column-is-layout-flow\" style=\"flex-basis:25px\"><\/div>\n<\/div>\n<\/div><\/div><\/div>\n<\/div><\/div><\/div><\/div><\/div>\n<\/div><\/div><\/div>\n<\/div><\/div><\/div><\/div><\/div>","protected":false},"excerpt":{"rendered":"","protected":false},"author":1,"featured_media":76,"parent":0,"menu_order":0,"comment_status":"closed","ping_status":"closed","template":"","meta":{"_eb_attr":"","footnotes":""},"wf_page_folders":[],"class_list":["post-224","page","type-page","status-publish","has-post-thumbnail","hentry"],"_links":{"self":[{"href":"https:\/\/tyopticsmexico.com\/en\/wp-json\/wp\/v2\/pages\/224","targetHints":{"allow":["GET"]}}],"collection":[{"href":"https:\/\/tyopticsmexico.com\/en\/wp-json\/wp\/v2\/pages"}],"about":[{"href":"https:\/\/tyopticsmexico.com\/en\/wp-json\/wp\/v2\/types\/page"}],"author":[{"embeddable":true,"href":"https:\/\/tyopticsmexico.com\/en\/wp-json\/wp\/v2\/users\/1"}],"replies":[{"embeddable":true,"href":"https:\/\/tyopticsmexico.com\/en\/wp-json\/wp\/v2\/comments?post=224"}],"version-history":[{"count":28,"href":"https:\/\/tyopticsmexico.com\/en\/wp-json\/wp\/v2\/pages\/224\/revisions"}],"predecessor-version":[{"id":931,"href":"https:\/\/tyopticsmexico.com\/en\/wp-json\/wp\/v2\/pages\/224\/revisions\/931"}],"wp:featuredmedia":[{"embeddable":true,"href":"https:\/\/tyopticsmexico.com\/en\/wp-json\/wp\/v2\/media\/76"}],"wp:attachment":[{"href":"https:\/\/tyopticsmexico.com\/en\/wp-json\/wp\/v2\/media?parent=224"}],"wp:term":[{"taxonomy":"wf_page_folders","embeddable":true,"href":"https:\/\/tyopticsmexico.com\/en\/wp-json\/wp\/v2\/wf_page_folders?post=224"}],"curies":[{"name":"wp","href":"https:\/\/api.w.org\/{rel}","templated":true}]}}