{"id":1100,"date":"2025-02-19T14:51:39","date_gmt":"2025-02-19T20:51:39","guid":{"rendered":"https:\/\/tyopticsmexico.com\/?page_id=1100"},"modified":"2025-02-19T15:21:07","modified_gmt":"2025-02-19T21:21:07","slug":"supervisor-de-produccion","status":"publish","type":"page","link":"https:\/\/tyopticsmexico.com\/en\/supervisor-de-produccion\/","title":{"rendered":"Descripci\u00f3n del puesto Supervisor de Producci\u00f3n"},"content":{"rendered":"<div class=\"wp-block-columns is-layout-flex wp-container-core-columns-is-layout-9d6595d7 wp-block-columns-is-layout-flex\">\n<div class=\"wp-block-column is-layout-flow wp-block-column-is-layout-flow\">\n<h2 class=\"wp-block-heading\">Supervisor de producci\u00f3n<\/h2>\n\n\n\n<p>San Luis Potos\u00ed, M\u00e9xico.<\/p>\n\n\n\n<div style=\"height:40px\" aria-hidden=\"true\" class=\"wp-block-spacer\"><\/div>\n\n\n\n<p><strong>Departamento:<\/strong><\/p>\n\n\n\n<p>Inyeccion<\/p>\n\n\n\n<div style=\"height:40px\" aria-hidden=\"true\" class=\"wp-block-spacer\"><\/div>\n\n\n\n<p><strong>Escolaridad m\u00ednima:<\/strong><\/p>\n\n\n\n<p>Engineering<\/p>\n\n\n\n<div style=\"height:40px\" aria-hidden=\"true\" class=\"wp-block-spacer\"><\/div>\n\n\n\n<p><strong>Descripci\u00f3n del puesto:<\/strong><\/p>\n\n\n\n<ul class=\"wp-block-list\">\n<li>Responsable de la seguridad, calidad, costo y entrega de su turno.<\/li>\n\n\n\n<li>Responsable de liderar el equipo y promover el trabajo en equipo para lograr objetivos.<\/li>\n\n\n\n<li>Responsable de monitorear de cerca los niveles de calidad en las piezas y si se encuentra un problema que afecte el producto (calidad, entrega, etc.).<\/li>\n\n\n\n<li>Encontrar la causa ra\u00edz y realizar las correcciones pertinentes de las no conformidades.<\/li>\n\n\n\n<li>Mantener procesos seg\u00fan los planes de control de procesos y asegurarse de que los asociados cumplan con los est\u00e1ndares.<\/li>\n\n\n\n<li>Supervisar a los operadores y sus l\u00edderes de producci\u00f3n.<\/li>\n\n\n\n<li>Aplicar pol\u00edticas y procedimientos de producci\u00f3n en su \u00e1rea de trabajo y en su turno<\/li>\n\n\n\n<li>Desarrollar, implementar y evaluar planes de mejora continua en su \u00e1rea.<\/li>\n\n\n\n<li>Trabajar continuamente para comprender los requisitos del cliente en t\u00e9rminos de calidad y entregas.<\/li>\n\n\n\n<li>Coordinar, supervisar y capacitar a los miembros de su \u00e1rea en las actividades definidas en las descripciones de puesto para cubrir la demanda del cliente y alcanzar objetivos establecidos.<\/li>\n\n\n\n<li>Contribuir y coordinar la mejora del proceso de su \u00e1rea de producci\u00f3n incluyendo m\u00e1quina, moldes, dispositivos, flujos, m\u00e9todos para facilitar el trabajo del Personal a su cargo y cumplir con los objetivos de productividad.<\/li>\n\n\n\n<li>Asegurar que las condiciones de limpieza, orden y seguridad de las m\u00e1quinas asignadas en su unidad de producci\u00f3n se est\u00e9n cumpliendo (5\u2019s y automantenimiento).<\/li>\n\n\n\n<li>Elaborar y dar seguimiento hasta el cierre de las \u00f3rdenes de trabajo para mantenimiento de planta, M\u00e1quina y taller de moldes.<\/li>\n\n\n\n<li>Asegurar el cumplimiento de los planes de mantenimiento definidos para las m\u00e1quinas que correspondan a su unidad para evitar los paros de l\u00ednea y asegurar el correcto y \u00f3ptimo funcionamiento.<\/li>\n\n\n\n<li>Monitorear el cumplimiento a las instrucciones y procedimiento establecidos para las \u00e1reas de trabajo, contribuir a la mejora y creaci\u00f3n de nuevos procedimientos.<\/li>\n\n\n\n<li>Seguimiento a cumplimiento de auditor\u00edas al proceso diario (verificaci\u00f3n de piezas\/pintura, dispositivos y piezas para medici\u00f3n en metrolog\u00eda,<br>Verificaci\u00f3n de la correcta validaci\u00f3n de arranque y Layered Process Audit (LPA).<\/li>\n\n\n\n<li>Tomar las acciones necesarias en caso de recibir piezas con defectos o fallas durante el proceso de inyecci\u00f3n, proponiendo soluciones para evitar la recurrencia de problemas (PDCA, TPM).<\/li>\n\n\n\n<li>Asegurar que las acciones de contenci\u00f3n para no enviar producto defectuoso a los clientes internos y externos se est\u00e9n realizando.<\/li>\n\n\n\n<li>Responsable del seguimiento a QRQC.<\/li>\n\n\n\n<li>Responsable del seguimiento del QFC (Quality Focus Check).<\/li>\n\n\n\n<li>Participar en coordinaci\u00f3n con Recursos Humanos en la Capacitaci\u00f3n y la evaluaci\u00f3n al personal a su cargo.<\/li>\n\n\n\n<li>Asegurar que la elaboraci\u00f3n de reportes estad\u00edsticos sobre el comportamiento del proceso se est\u00e9 realizando, analizando el OEE y proponiendo alternativas para su incremento.<\/li>\n\n\n\n<li>Realizar juntas peri\u00f3dicas (diarias, semanales y mensuales) con el personal a cargo para la revisi\u00f3n de indicadores y Planes de acci\u00f3n.<\/li>\n\n\n\n<li>Asegurar la implementaci\u00f3n de los Est\u00e1ndares de POMS (operacionales, metodol\u00f3gicos y de equipo).<\/li>\n\n\n\n<li>Asegurar la correcta declaraci\u00f3n de la producci\u00f3n en SAP (Mattec) y realizar los an\u00e1lisis correspondientes a fin de eliminar las variaciones de inventario.<\/li>\n\n\n\n<li>Participar activamente en cualquier iniciativa relacionada al cumplimiento del SGI (ISO IATF 16949, OHSAS 18001, ISO 14001, BIQS, VDA, Injection Assessment, etc.), adem\u00e1s de participar en el cierre de no conformidades en donde sea requerido.<\/li>\n<\/ul>\n\n\n\n<div style=\"height:40px\" aria-hidden=\"true\" class=\"wp-block-spacer\"><\/div>\n\n\n\n<p><strong>Requisitos:<\/strong><\/p>\n\n\n\n<ul class=\"wp-block-list\">\n<li>Experiencia 3 a\u00f1os<\/li>\n\n\n\n<li>Ingles intermedio\/avanzado<\/li>\n\n\n\n<li>Disponibilidad de rolar turnos<\/li>\n\n\n\n<li>Ingenier\u00eda terminada<\/li>\n<\/ul>\n\n\n\n<div style=\"height:60px\" aria-hidden=\"true\" class=\"wp-block-spacer\"><\/div>\n\n\n\n<div class=\"wp-block-essential-blocks-button\"><div class=\"eb-parent-wrapper eb-parent-eb-button-q46lx\"><div class=\"eb-button-wrapper eb-button-alignment eb-button-q46lx\"><div class=\"eb-button\"><a class=\"eb-button-anchor\" href=\"https:\/\/tyopticsmexico.com\/en\/solicitud-vacante-operador\/\" rel=\"noopener\">Solicitar esta vacante<\/a><\/div><\/div><\/div><\/div>\n<\/div>\n<\/div>","protected":false},"excerpt":{"rendered":"<p>Supervisor de producci\u00f3n San Luis Potos\u00ed, M\u00e9xico. Departamento: Inyeccion Escolaridad m\u00ednima: Ingenier\u00eda Descripci\u00f3n del puesto: Requisitos:<\/p>","protected":false},"author":4,"featured_media":0,"parent":0,"menu_order":0,"comment_status":"closed","ping_status":"closed","template":"","meta":{"_eb_attr":"","footnotes":"[]"},"wf_page_folders":[],"class_list":["post-1100","page","type-page","status-publish","hentry"],"_links":{"self":[{"href":"https:\/\/tyopticsmexico.com\/en\/wp-json\/wp\/v2\/pages\/1100","targetHints":{"allow":["GET"]}}],"collection":[{"href":"https:\/\/tyopticsmexico.com\/en\/wp-json\/wp\/v2\/pages"}],"about":[{"href":"https:\/\/tyopticsmexico.com\/en\/wp-json\/wp\/v2\/types\/page"}],"author":[{"embeddable":true,"href":"https:\/\/tyopticsmexico.com\/en\/wp-json\/wp\/v2\/users\/4"}],"replies":[{"embeddable":true,"href":"https:\/\/tyopticsmexico.com\/en\/wp-json\/wp\/v2\/comments?post=1100"}],"version-history":[{"count":1,"href":"https:\/\/tyopticsmexico.com\/en\/wp-json\/wp\/v2\/pages\/1100\/revisions"}],"predecessor-version":[{"id":1101,"href":"https:\/\/tyopticsmexico.com\/en\/wp-json\/wp\/v2\/pages\/1100\/revisions\/1101"}],"wp:attachment":[{"href":"https:\/\/tyopticsmexico.com\/en\/wp-json\/wp\/v2\/media?parent=1100"}],"wp:term":[{"taxonomy":"wf_page_folders","embeddable":true,"href":"https:\/\/tyopticsmexico.com\/en\/wp-json\/wp\/v2\/wf_page_folders?post=1100"}],"curies":[{"name":"wp","href":"https:\/\/api.w.org\/{rel}","templated":true}]}}