{"id":1098,"date":"2025-02-19T14:45:16","date_gmt":"2025-02-19T20:45:16","guid":{"rendered":"https:\/\/tyopticsmexico.com\/?page_id=1098"},"modified":"2025-02-19T15:26:14","modified_gmt":"2025-02-19T21:26:14","slug":"supervisor-de-ehs","status":"publish","type":"page","link":"https:\/\/tyopticsmexico.com\/en\/supervisor-de-ehs\/","title":{"rendered":"Descripci\u00f3n del puesto Supervisor de EHS"},"content":{"rendered":"<div class=\"wp-block-columns is-layout-flex wp-container-core-columns-is-layout-9d6595d7 wp-block-columns-is-layout-flex\">\n<div class=\"wp-block-column is-layout-flow wp-block-column-is-layout-flow\">\n<h2 class=\"wp-block-heading\">Supervisor de EHS<\/h2>\n\n\n\n<p>San Luis Potos\u00ed, M\u00e9xico.<\/p>\n\n\n\n<div style=\"height:40px\" aria-hidden=\"true\" class=\"wp-block-spacer\"><\/div>\n\n\n\n<p><strong>Departamento:<\/strong><\/p>\n\n\n\n<p>Security<\/p>\n\n\n\n<div style=\"height:40px\" aria-hidden=\"true\" class=\"wp-block-spacer\"><\/div>\n\n\n\n<p><strong>Escolaridad m\u00ednima:<\/strong><\/p>\n\n\n\n<p>Licenciatura<\/p>\n\n\n\n<div style=\"height:40px\" aria-hidden=\"true\" class=\"wp-block-spacer\"><\/div>\n\n\n\n<p><strong>Descripci\u00f3n del puesto:<\/strong><\/p>\n\n\n\n<ul class=\"wp-block-list\">\n<li>Planificaci\u00f3n y gesti\u00f3n del progreso de la introducci\u00f3n del programa est\u00e1ndar NOM<\/li>\n\n\n\n<li>Gesti\u00f3n actualizada de licencias, permisos y certificados solicitados por el gobierno.<\/li>\n\n\n\n<li>Planificaci\u00f3n de simulacros de evacuaci\u00f3n y gesti\u00f3n del progreso.<\/li>\n\n\n\n<li>Planificaci\u00f3n y gesti\u00f3n del progreso de los programas de defensa civil.<\/li>\n\n\n\n<li>Planificaci\u00f3n y gesti\u00f3n del progreso del programa TTGSS.<\/li>\n\n\n\n<li>Planificaci\u00f3n y promoci\u00f3n de la educaci\u00f3n general en seguridad.<\/li>\n\n\n\n<li>Crear e implementar un plan de estudios para la educaci\u00f3n en seguridad de los nuevos empleados<\/li>\n\n\n\n<li>Investigaci\u00f3n r\u00e1pida de accidentes y planificaci\u00f3n e implementaci\u00f3n de contramedidas dentro y fuera del sitio<\/li>\n\n\n\n<li>An\u00e1lisis y ambientaci\u00f3n de \u00e1reas de uso de equipos de protecci\u00f3n, educaci\u00f3n de uso<\/li>\n\n\n\n<li>Inspecci\u00f3n y gesti\u00f3n de equipos contra incendios.<\/li>\n\n\n\n<li>Administraci\u00f3n de presupuesto<\/li>\n\n\n\n<li>Comunicaci\u00f3n fluida con cada secci\u00f3n.<\/li>\n\n\n\n<li>Discutir patrullas de seguridad, extracci\u00f3n de problemas y contramedidas.<\/li>\n\n\n\n<li>Planificaci\u00f3n y respuesta para el control de infecciones.<\/li>\n\n\n\n<li>Implementaci\u00f3n del comit\u00e9 de seguridad y salud.<\/li>\n\n\n\n<li>Gesti\u00f3n de KPI.<\/li>\n\n\n\n<li>Gesti\u00f3n e implementaci\u00f3n de 5S.<\/li>\n\n\n\n<li>Cumplimiento, pol\u00edtica de calidad, cumplimiento COCE.<\/li>\n\n\n\n<li>Cumplimiento con ISO9001-2015.<\/li>\n<\/ul>\n\n\n\n<div style=\"height:40px\" aria-hidden=\"true\" class=\"wp-block-spacer\"><\/div>\n\n\n\n<p><strong>Requisitos:<\/strong><\/p>\n\n\n\n<ul class=\"wp-block-list\">\n<li>Experiencia 3 a\u00f1os<\/li>\n\n\n\n<li>Ingles intermedio\/avanzado<\/li>\n\n\n\n<li>Licenctiatura terminada<\/li>\n<\/ul>\n\n\n\n<div style=\"height:60px\" aria-hidden=\"true\" class=\"wp-block-spacer\"><\/div>\n\n\n\n<div class=\"wp-block-essential-blocks-button\"><div class=\"eb-parent-wrapper eb-parent-eb-button-q46lx\"><div class=\"eb-button-wrapper eb-button-alignment eb-button-q46lx\"><div class=\"eb-button\"><a class=\"eb-button-anchor\" href=\"https:\/\/tyopticsmexico.com\/en\/solicitud-vacante-operador\/\" rel=\"noopener\">Solicitar esta vacante<\/a><\/div><\/div><\/div><\/div>\n<\/div>\n<\/div>","protected":false},"excerpt":{"rendered":"<p>Supervisor de EHS San Luis Potos\u00ed, M\u00e9xico. Departamento: Seguridad Escolaridad m\u00ednima: Licenciatura Descripci\u00f3n del puesto: Requisitos:<\/p>","protected":false},"author":4,"featured_media":0,"parent":0,"menu_order":0,"comment_status":"closed","ping_status":"closed","template":"","meta":{"_eb_attr":"","footnotes":"[]"},"wf_page_folders":[],"class_list":["post-1098","page","type-page","status-publish","hentry"],"_links":{"self":[{"href":"https:\/\/tyopticsmexico.com\/en\/wp-json\/wp\/v2\/pages\/1098","targetHints":{"allow":["GET"]}}],"collection":[{"href":"https:\/\/tyopticsmexico.com\/en\/wp-json\/wp\/v2\/pages"}],"about":[{"href":"https:\/\/tyopticsmexico.com\/en\/wp-json\/wp\/v2\/types\/page"}],"author":[{"embeddable":true,"href":"https:\/\/tyopticsmexico.com\/en\/wp-json\/wp\/v2\/users\/4"}],"replies":[{"embeddable":true,"href":"https:\/\/tyopticsmexico.com\/en\/wp-json\/wp\/v2\/comments?post=1098"}],"version-history":[{"count":3,"href":"https:\/\/tyopticsmexico.com\/en\/wp-json\/wp\/v2\/pages\/1098\/revisions"}],"predecessor-version":[{"id":1123,"href":"https:\/\/tyopticsmexico.com\/en\/wp-json\/wp\/v2\/pages\/1098\/revisions\/1123"}],"wp:attachment":[{"href":"https:\/\/tyopticsmexico.com\/en\/wp-json\/wp\/v2\/media?parent=1098"}],"wp:term":[{"taxonomy":"wf_page_folders","embeddable":true,"href":"https:\/\/tyopticsmexico.com\/en\/wp-json\/wp\/v2\/wf_page_folders?post=1098"}],"curies":[{"name":"wp","href":"https:\/\/api.w.org\/{rel}","templated":true}]}}