{"id":1096,"date":"2025-02-19T14:42:28","date_gmt":"2025-02-19T20:42:28","guid":{"rendered":"https:\/\/tyopticsmexico.com\/?page_id=1096"},"modified":"2025-02-19T15:09:30","modified_gmt":"2025-02-19T21:09:30","slug":"ingeniero-de-inyeccion","status":"publish","type":"page","link":"https:\/\/tyopticsmexico.com\/en\/ingeniero-de-inyeccion\/","title":{"rendered":"Descripci\u00f3n del puesto Ingeniero de Inyecci\u00f3n"},"content":{"rendered":"<div class=\"wp-block-columns is-layout-flex wp-container-core-columns-is-layout-9d6595d7 wp-block-columns-is-layout-flex\">\n<div class=\"wp-block-column is-layout-flow wp-block-column-is-layout-flow\">\n<h2 class=\"wp-block-heading\">Ingeniero de inyecci\u00f3n<\/h2>\n\n\n\n<p>San Luis Potos\u00ed, M\u00e9xico.<\/p>\n\n\n\n<div style=\"height:40px\" aria-hidden=\"true\" class=\"wp-block-spacer\"><\/div>\n\n\n\n<p><strong>Departamento:<\/strong><\/p>\n\n\n\n<p>Inyecci\u00f3n<\/p>\n\n\n\n<div style=\"height:40px\" aria-hidden=\"true\" class=\"wp-block-spacer\"><\/div>\n\n\n\n<p><strong>Escolaridad m\u00ednima:<\/strong><\/p>\n\n\n\n<p>Ingenier\u00eda\/Licenciatura<\/p>\n\n\n\n<div style=\"height:40px\" aria-hidden=\"true\" class=\"wp-block-spacer\"><\/div>\n\n\n\n<p><strong>Descripci\u00f3n del puesto:<\/strong><\/p>\n\n\n\n<ul class=\"wp-block-list\">\n<li>Mejoras mensuales con resultados enfocados al ahorro monetario. (1 idea como minimo por mes).<\/li>\n\n\n\n<li>Reduccion de tiempos en las actividades de proceso.<\/li>\n\n\n\n<li>Generar PR de herramienta o equipos necesarios para el proceso de producci\u00f3n.<\/li>\n\n\n\n<li>Generar planes de Entrenamiento del personal a cargo.<\/li>\n\n\n\n<li>Control de par\u00e1metros (Tener el control de acuerdo a la hoja de moldeo del producto).<\/li>\n\n\n\n<li>Realizar cambios 4M del proceso seg\u00fan se requiera. (En tiempo y forma)<\/li>\n\n\n\n<li>Coordinar acciones de contenci\u00f3n para la soluci\u00f3n de reclamos internos o de cliente.<\/li>\n\n\n\n<li>Elaboraci\u00f3n de reporte de auditor\u00edas. (Flujo de informaci\u00f3n a los departamentos involucrados)<\/li>\n\n\n\n<li>Participaci\u00f3n en las auditorias de producto acorde al SGC.<\/li>\n\n\n\n<li>Realizar documentaci\u00f3n necesaria para el desarrollo de nuevos modelos o de los modelos en producci\u00f3n en masa.<\/li>\n\n\n\n<li>Liderazgo durante la auditoria de procesos.<\/li>\n\n\n\n<li>Soporte directo de personal a su cargo.<\/li>\n\n\n\n<li>Revisi\u00f3n de reportes de producci\u00f3n y toma de acci\u00f3n en caso de tener NG arriba del 5%.<\/li>\n\n\n\n<li>Seguimiento y resoluci\u00f3n de problemas en proceso de inyecci\u00f3n. (Definir causa ra\u00edz y tomar acci\u00f3n)<\/li>\n\n\n\n<li>Resguardo de logging data de las maquinas inyecci\u00f3n (control mensual)<\/li>\n\n\n\n<li>Presentaci\u00f3n con resultados mensuales para mostrar a supervisor y coordinador. (Enfocado a resultados del proceso de inyeccion)<\/li>\n\n\n\n<li>Soporte para resoluci\u00f3n de problemas t\u00e9cnicos en proceso de inyecci\u00f3n.<\/li>\n\n\n\n<li>Manejo de herramientas y equipos de medici\u00f3n necesarios para el proceso de producci\u00f3n.<\/li>\n\n\n\n<li>Soporte para actividades administrativas (Over Time,Requisiciones,Rol de turnos, etc.).<\/li>\n\n\n\n<li>Contribuir con el cumplimiento de los objetivos de calidad e indicadores.<\/li>\n\n\n\n<li>Realizar 5\u00b4s dentro del \u00e1rea de trabajo asi como la seguridad de las maquinas.<\/li>\n\n\n\n<li>Entrenamiento y evaluaci\u00f3n de personal a cargo.<\/li>\n\n\n\n<li>Seguimiento mensual de resultados (Acciones para cumplir objetivos mensuales y KPI).<\/li>\n\n\n\n<li>Cumplimiento a el reglamento interno, Pol\u00edtica de calidad y COCE.<\/li>\n\n\n\n<li>Cumplimiento con la ISO 9001-2015, IATF16949, Y LAS NORMAS DE SEGURIDAD QUE APLIQUEN.<\/li>\n\n\n\n<li>Cumplimiento con las instrucciones de trabajo y los procedimientos del \u00e1rea.<\/li>\n<\/ul>\n\n\n\n<div style=\"height:40px\" aria-hidden=\"true\" class=\"wp-block-spacer\"><\/div>\n\n\n\n<p><strong>Requisitos:<\/strong><\/p>\n\n\n\n<ul class=\"wp-block-list\">\n<li>Experiencia 2 a\u00f1os<\/li>\n\n\n\n<li>Ingles intermedio<\/li>\n\n\n\n<li>Disponibilidad de rolar turnos<\/li>\n\n\n\n<li>Ingenier\u00eda\/Licenciatura terminada<\/li>\n<\/ul>\n\n\n\n<div style=\"height:60px\" aria-hidden=\"true\" class=\"wp-block-spacer\"><\/div>\n\n\n\n<div class=\"wp-block-essential-blocks-button\"><div class=\"eb-parent-wrapper eb-parent-eb-button-q46lx\"><div class=\"eb-button-wrapper eb-button-alignment eb-button-q46lx\"><div class=\"eb-button\"><a class=\"eb-button-anchor\" href=\"https:\/\/tyopticsmexico.com\/en\/solicitud-vacante-operador\/\" rel=\"noopener\">Solicitar esta vacante<\/a><\/div><\/div><\/div><\/div>\n<\/div>\n<\/div>","protected":false},"excerpt":{"rendered":"<p>Ingeniero de inyecci\u00f3n San Luis Potos\u00ed, M\u00e9xico. Departamento: Inyecci\u00f3n Escolaridad m\u00ednima: Ingenier\u00eda\/Licenciatura Descripci\u00f3n del puesto: Requisitos:<\/p>","protected":false},"author":4,"featured_media":0,"parent":0,"menu_order":0,"comment_status":"closed","ping_status":"closed","template":"","meta":{"_eb_attr":"","footnotes":"[]"},"wf_page_folders":[],"class_list":["post-1096","page","type-page","status-publish","hentry"],"_links":{"self":[{"href":"https:\/\/tyopticsmexico.com\/en\/wp-json\/wp\/v2\/pages\/1096","targetHints":{"allow":["GET"]}}],"collection":[{"href":"https:\/\/tyopticsmexico.com\/en\/wp-json\/wp\/v2\/pages"}],"about":[{"href":"https:\/\/tyopticsmexico.com\/en\/wp-json\/wp\/v2\/types\/page"}],"author":[{"embeddable":true,"href":"https:\/\/tyopticsmexico.com\/en\/wp-json\/wp\/v2\/users\/4"}],"replies":[{"embeddable":true,"href":"https:\/\/tyopticsmexico.com\/en\/wp-json\/wp\/v2\/comments?post=1096"}],"version-history":[{"count":1,"href":"https:\/\/tyopticsmexico.com\/en\/wp-json\/wp\/v2\/pages\/1096\/revisions"}],"predecessor-version":[{"id":1097,"href":"https:\/\/tyopticsmexico.com\/en\/wp-json\/wp\/v2\/pages\/1096\/revisions\/1097"}],"wp:attachment":[{"href":"https:\/\/tyopticsmexico.com\/en\/wp-json\/wp\/v2\/media?parent=1096"}],"wp:term":[{"taxonomy":"wf_page_folders","embeddable":true,"href":"https:\/\/tyopticsmexico.com\/en\/wp-json\/wp\/v2\/wf_page_folders?post=1096"}],"curies":[{"name":"wp","href":"https:\/\/api.w.org\/{rel}","templated":true}]}}