{"id":1094,"date":"2025-02-19T14:37:10","date_gmt":"2025-02-19T20:37:10","guid":{"rendered":"https:\/\/tyopticsmexico.com\/?page_id=1094"},"modified":"2025-02-19T15:08:54","modified_gmt":"2025-02-19T21:08:54","slug":"especialista-de-ventas","status":"publish","type":"page","link":"https:\/\/tyopticsmexico.com\/en\/especialista-de-ventas\/","title":{"rendered":"Descripci\u00f3n del puesto Especialista de Ventas"},"content":{"rendered":"<div class=\"wp-block-columns is-layout-flex wp-container-core-columns-is-layout-9d6595d7 wp-block-columns-is-layout-flex\">\n<div class=\"wp-block-column is-layout-flow wp-block-column-is-layout-flow\">\n<h2 class=\"wp-block-heading\">Especialista de ventas<\/h2>\n\n\n\n<p>San Luis Potos\u00ed, M\u00e9xico.<\/p>\n\n\n\n<div style=\"height:40px\" aria-hidden=\"true\" class=\"wp-block-spacer\"><\/div>\n\n\n\n<p><strong>Departamento:<\/strong><\/p>\n\n\n\n<p>Sales<\/p>\n\n\n\n<div style=\"height:40px\" aria-hidden=\"true\" class=\"wp-block-spacer\"><\/div>\n\n\n\n<p><strong>Escolaridad m\u00ednima:<\/strong><\/p>\n\n\n\n<p>Licenciatura<\/p>\n\n\n\n<div style=\"height:40px\" aria-hidden=\"true\" class=\"wp-block-spacer\"><\/div>\n\n\n\n<p><strong>Descripci\u00f3n del puesto:<\/strong><\/p>\n\n\n\n<ul class=\"wp-block-list\">\n<li>Planeaci\u00f3n de embarques a cliente nacional e internacional<\/li>\n\n\n\n<li>Negociaci\u00f3n con cliente (planeador o SCM) para el ajuste de volumen de pedido o Forecast en caso sea necesario<\/li>\n\n\n\n<li>Planeaci\u00f3n y embarque de entregables durante el desarrollo de nuevo proyecto<\/li>\n\n\n\n<li>Desarrollo de documentaci\u00f3n y ayudas visuales para embarque de los nuevos modelos<\/li>\n\n\n\n<li>Mantener comunicaci\u00f3n fluida con los departamentos involucrados para coordinar los embarques<\/li>\n\n\n\n<li>Colaboraci\u00f3n con almac\u00e9n para monitorear los inventarios de FG disponibles y alerta de bajos embarques<\/li>\n\n\n\n<li>Escalaci\u00f3n de problemas a tiempo cuando surja inconveniencias en la cadena de suministro \/ embarque<\/li>\n\n\n\n<li>An\u00e1lisis de forecast contra el programa de volumen y la capacidad de producci\u00f3n<\/li>\n\n\n\n<li>An\u00e1lisis y monitoreo de los embarques diarios para el control de volumen de pedido diario, semanal y mensual<\/li>\n\n\n\n<li>Cierre de cantidad de embarque y an\u00e1lisis de tendencia<\/li>\n\n\n\n<li>Desarrollo de cadena de suministro \/ exportaci\u00f3n hacia USA, procedimiento y operaci\u00f3n (Comunicaci\u00f3n con SCM de USA)<\/li>\n\n\n\n<li>Desarrollo de documentos para la exportaci\u00f3n<\/li>\n\n\n\n<li>Desarrollo de monitoreo sistem\u00e1tico de embarques, inventarios, etc<\/li>\n\n\n\n<li>Mantenimiento de Score Card de cliente<\/li>\n\n\n\n<li>Seguimiento a quejas y consultas de cliente con el departamento involucrado<\/li>\n<\/ul>\n\n\n\n<div style=\"height:40px\" aria-hidden=\"true\" class=\"wp-block-spacer\"><\/div>\n\n\n\n<p><strong>Requisitos:<\/strong><\/p>\n\n\n\n<ul class=\"wp-block-list\">\n<li>Experiencia 2 a\u00f1os<\/li>\n\n\n\n<li>Ingles conversacional (Indispensable)<\/li>\n\n\n\n<li>Licenciatura terminada<\/li>\n<\/ul>\n\n\n\n<div style=\"height:60px\" aria-hidden=\"true\" class=\"wp-block-spacer\"><\/div>\n\n\n\n<div class=\"wp-block-essential-blocks-button\"><div class=\"eb-parent-wrapper eb-parent-eb-button-q46lx\"><div class=\"eb-button-wrapper eb-button-alignment eb-button-q46lx\"><div class=\"eb-button\"><a class=\"eb-button-anchor\" href=\"https:\/\/tyopticsmexico.com\/en\/solicitud-vacante-operador\/\" rel=\"noopener\">Solicitar esta vacante<\/a><\/div><\/div><\/div><\/div>\n<\/div>\n<\/div>","protected":false},"excerpt":{"rendered":"<p>Especialista de ventas San Luis Potos\u00ed, M\u00e9xico. Departamento: Ventas Escolaridad m\u00ednima: Licenciatura Descripci\u00f3n del puesto: Requisitos:<\/p>","protected":false},"author":4,"featured_media":0,"parent":0,"menu_order":0,"comment_status":"closed","ping_status":"closed","template":"","meta":{"_eb_attr":"","footnotes":"[]"},"wf_page_folders":[],"class_list":["post-1094","page","type-page","status-publish","hentry"],"_links":{"self":[{"href":"https:\/\/tyopticsmexico.com\/en\/wp-json\/wp\/v2\/pages\/1094","targetHints":{"allow":["GET"]}}],"collection":[{"href":"https:\/\/tyopticsmexico.com\/en\/wp-json\/wp\/v2\/pages"}],"about":[{"href":"https:\/\/tyopticsmexico.com\/en\/wp-json\/wp\/v2\/types\/page"}],"author":[{"embeddable":true,"href":"https:\/\/tyopticsmexico.com\/en\/wp-json\/wp\/v2\/users\/4"}],"replies":[{"embeddable":true,"href":"https:\/\/tyopticsmexico.com\/en\/wp-json\/wp\/v2\/comments?post=1094"}],"version-history":[{"count":1,"href":"https:\/\/tyopticsmexico.com\/en\/wp-json\/wp\/v2\/pages\/1094\/revisions"}],"predecessor-version":[{"id":1095,"href":"https:\/\/tyopticsmexico.com\/en\/wp-json\/wp\/v2\/pages\/1094\/revisions\/1095"}],"wp:attachment":[{"href":"https:\/\/tyopticsmexico.com\/en\/wp-json\/wp\/v2\/media?parent=1094"}],"wp:term":[{"taxonomy":"wf_page_folders","embeddable":true,"href":"https:\/\/tyopticsmexico.com\/en\/wp-json\/wp\/v2\/wf_page_folders?post=1094"}],"curies":[{"name":"wp","href":"https:\/\/api.w.org\/{rel}","templated":true}]}}