{"id":1092,"date":"2025-02-19T14:33:47","date_gmt":"2025-02-19T20:33:47","guid":{"rendered":"https:\/\/tyopticsmexico.com\/?page_id=1092"},"modified":"2025-02-19T15:20:58","modified_gmt":"2025-02-19T21:20:58","slug":"tecnico-de-calidad","status":"publish","type":"page","link":"https:\/\/tyopticsmexico.com\/en\/tecnico-de-calidad\/","title":{"rendered":"Descripci\u00f3n del puesto T\u00e9cnico de Calidad"},"content":{"rendered":"<div class=\"wp-block-columns is-layout-flex wp-container-core-columns-is-layout-9d6595d7 wp-block-columns-is-layout-flex\">\n<div class=\"wp-block-column is-layout-flow wp-block-column-is-layout-flow\">\n<h2 class=\"wp-block-heading\">T\u00e9cnico de calidad<\/h2>\n\n\n\n<p>San Luis Potos\u00ed, M\u00e9xico.<\/p>\n\n\n\n<div style=\"height:40px\" aria-hidden=\"true\" class=\"wp-block-spacer\"><\/div>\n\n\n\n<p><strong>Departamento:<\/strong><\/p>\n\n\n\n<p>Quality<\/p>\n\n\n\n<div style=\"height:40px\" aria-hidden=\"true\" class=\"wp-block-spacer\"><\/div>\n\n\n\n<p><strong>Escolaridad m\u00ednima:<\/strong><\/p>\n\n\n\n<p>Carrera t\u00e9cnica\/bachillerato<\/p>\n\n\n\n<div style=\"height:40px\" aria-hidden=\"true\" class=\"wp-block-spacer\"><\/div>\n\n\n\n<p><strong>Descripci\u00f3n del puesto:<\/strong><\/p>\n\n\n\n<ul class=\"wp-block-list\">\n<li>Realizar 5s en el \u00e1rea de trabajo.<\/li>\n\n\n\n<li>Organizaci\u00f3n de actividades del equipo de trabajo a su cargo.<\/li>\n\n\n\n<li>Inspecci\u00f3n recibo del material.<\/li>\n\n\n\n<li>Inspeccion fotom\u00e9trica y dimensional del producto.<\/li>\n\n\n\n<li>Revisar la calidad del producto de acuerdo con los est\u00e1ndares de inspecci\u00f3n.<\/li>\n\n\n\n<li>Analizar los resultados de auditor\u00eda y reportarlos.<\/li>\n\n\n\n<li>Archivar los resultados de auditor\u00eda.<\/li>\n\n\n\n<li>Manejo de herramientas e instrumentos de calidad.<\/li>\n\n\n\n<li>Contribuir con el cumplimiento de los\u00a0 objetivos de calidad e indicadores.<\/li>\n\n\n\n<li>Aplicar el procedimiento de calidad en el proceso de producci\u00f3n.<\/li>\n\n\n\n<li>Aseguramiento de calidad en el producto en el \u00e1rea de producci\u00f3n diariamente (IPQC).<\/li>\n\n\n\n<li>Realizar 5\u00b4s dentro del area de trabajo.<\/li>\n\n\n\n<li>Resoluci\u00f3n de problemas en el proceso de revisi\u00f3n.<\/li>\n\n\n\n<li>Controlar la calidad de material de acuerdo a los estandares.<\/li>\n\n\n\n<li>Control de liberacion de fotom\u00e9tria y dimensional del producto.<\/li>\n\n\n\n<li>Identificaci\u00f3n y manejo de productos no conforme.<\/li>\n\n\n\n<li>Cuidado de equipos y herramental.<\/li>\n\n\n\n<li>Contribuir con el cumplimiento de los objetivos de calidad e indicadores.\u00a0<\/li>\n\n\n\n<li>Revisar la calidad del producto de acuerdo con los est\u00e1ndares de inspecci\u00f3n.<\/li>\n\n\n\n<li>Recibir retroalimentacion del desempe\u00f1o por parte del Ingeniero \/ Supervisor Cumplimiento a el reglamento interno, Politica de calidad y COCE.<\/li>\n\n\n\n<li>Cumplimiento con la ISO 9001-2015.<\/li>\n\n\n\n<li>Cumplimiento con los procedimientos del \u00e1rea.<\/li>\n\n\n\n<li>Responsable de proponer y ejecutar las acciones correctivas, informando de los productos o los procesos que no son conformes con los requisitos del cliente para asegurar que no sea enviado producto no conforme al cliente y que sean identificados y contenidos todos los productos no conformes potenciales.<\/li>\n\n\n\n<li>Las responsabilidades son enunciativas m\u00e1s no limitativas.<\/li>\n<\/ul>\n\n\n\n<div style=\"height:40px\" aria-hidden=\"true\" class=\"wp-block-spacer\"><\/div>\n\n\n\n<p><strong>Requisitos:<\/strong><\/p>\n\n\n\n<ul class=\"wp-block-list\">\n<li>Experiencia 1 a\u00f1o en el \u00e1rea de calidad<\/li>\n\n\n\n<li>Ingles basico<\/li>\n\n\n\n<li>Disponibilidad de rolar turnos<\/li>\n<\/ul>\n\n\n\n<div style=\"height:60px\" aria-hidden=\"true\" class=\"wp-block-spacer\"><\/div>\n\n\n\n<div class=\"wp-block-essential-blocks-button\"><div class=\"eb-parent-wrapper eb-parent-eb-button-q46lx\"><div class=\"eb-button-wrapper eb-button-alignment eb-button-q46lx\"><div class=\"eb-button\"><a class=\"eb-button-anchor\" href=\"https:\/\/tyopticsmexico.com\/en\/solicitud-vacante-operador\/\" rel=\"noopener\">Solicitar esta vacante<\/a><\/div><\/div><\/div><\/div>\n<\/div>\n<\/div>","protected":false},"excerpt":{"rendered":"<p>T\u00e9cnico de calidad San Luis Potos\u00ed, M\u00e9xico. Departamento: Calidad Escolaridad m\u00ednima: Carrera t\u00e9cnica\/bachillerato Descripci\u00f3n del puesto: Requisitos:<\/p>","protected":false},"author":4,"featured_media":0,"parent":0,"menu_order":0,"comment_status":"closed","ping_status":"closed","template":"","meta":{"_eb_attr":"","footnotes":"[]"},"wf_page_folders":[],"class_list":["post-1092","page","type-page","status-publish","hentry"],"_links":{"self":[{"href":"https:\/\/tyopticsmexico.com\/en\/wp-json\/wp\/v2\/pages\/1092","targetHints":{"allow":["GET"]}}],"collection":[{"href":"https:\/\/tyopticsmexico.com\/en\/wp-json\/wp\/v2\/pages"}],"about":[{"href":"https:\/\/tyopticsmexico.com\/en\/wp-json\/wp\/v2\/types\/page"}],"author":[{"embeddable":true,"href":"https:\/\/tyopticsmexico.com\/en\/wp-json\/wp\/v2\/users\/4"}],"replies":[{"embeddable":true,"href":"https:\/\/tyopticsmexico.com\/en\/wp-json\/wp\/v2\/comments?post=1092"}],"version-history":[{"count":1,"href":"https:\/\/tyopticsmexico.com\/en\/wp-json\/wp\/v2\/pages\/1092\/revisions"}],"predecessor-version":[{"id":1093,"href":"https:\/\/tyopticsmexico.com\/en\/wp-json\/wp\/v2\/pages\/1092\/revisions\/1093"}],"wp:attachment":[{"href":"https:\/\/tyopticsmexico.com\/en\/wp-json\/wp\/v2\/media?parent=1092"}],"wp:term":[{"taxonomy":"wf_page_folders","embeddable":true,"href":"https:\/\/tyopticsmexico.com\/en\/wp-json\/wp\/v2\/wf_page_folders?post=1092"}],"curies":[{"name":"wp","href":"https:\/\/api.w.org\/{rel}","templated":true}]}}