{"id":1090,"date":"2025-02-19T14:25:56","date_gmt":"2025-02-19T20:25:56","guid":{"rendered":"https:\/\/tyopticsmexico.com\/?page_id=1090"},"modified":"2025-02-19T15:20:51","modified_gmt":"2025-02-19T21:20:51","slug":"tecnico-de-inyeccion","status":"publish","type":"page","link":"https:\/\/tyopticsmexico.com\/en\/tecnico-de-inyeccion\/","title":{"rendered":"Descripci\u00f3n del puesto T\u00e9cnico de Inyecci\u00f3n"},"content":{"rendered":"<div class=\"wp-block-columns is-layout-flex wp-container-core-columns-is-layout-9d6595d7 wp-block-columns-is-layout-flex\">\n<div class=\"wp-block-column is-layout-flow wp-block-column-is-layout-flow\">\n<h2 class=\"wp-block-heading\">T\u00e9cnico de inyecci\u00f3n<\/h2>\n\n\n\n<p>San Luis Potos\u00ed, M\u00e9xico.<\/p>\n\n\n\n<div style=\"height:40px\" aria-hidden=\"true\" class=\"wp-block-spacer\"><\/div>\n\n\n\n<p><strong>Departamento:<\/strong><\/p>\n\n\n\n<p>Inyecci\u00f3n<\/p>\n\n\n\n<div style=\"height:40px\" aria-hidden=\"true\" class=\"wp-block-spacer\"><\/div>\n\n\n\n<p><strong>Escolaridad m\u00ednima:<\/strong><\/p>\n\n\n\n<p>Carrera t\u00e9cnica\/bachillerato<\/p>\n\n\n\n<div style=\"height:40px\" aria-hidden=\"true\" class=\"wp-block-spacer\"><\/div>\n\n\n\n<p><strong>Descripci\u00f3n del puesto:<\/strong><\/p>\n\n\n\n<ul class=\"wp-block-list\">\n<li>Realizar en conjunto con el \u00e1rea de moldes los cambios y montajes de moldes seg\u00fan lo requiera, asegurando el arranque de acuerdo a los est\u00e1ndares y hojas de proceso, cumpliendo con la calidad, cantidad y en tiempo de los productos determinados a producir por el plan de producci\u00f3n. Verificar el suministro y liberaci\u00f3n de materia prima por el departamento de Calidad necesaria para el proceso.<\/li>\n\n\n\n<li>Realizar los ajustes necesarios al proceso para cumplir con la calidad, cantidad requerida por nuestros clientes.<\/li>\n\n\n\n<li>Elaborar y dar seguimiento hasta el cierre de las \u00f3rdenes de trabajo para mantenimiento de planta, M\u00e1quina y taller de moldes.\u00a0<\/li>\n\n\n\n<li>Supervisar a los operadores en el cumplimiento a las instrucciones y procedimiento establecidos para las \u00e1reas de trabajo, contribuir a la mejora.<\/li>\n\n\n\n<li>Supervisar llenado de reportes de producci\u00f3n requeridos (piezas producidas, scrap, paros, inspecciones, etc).<\/li>\n\n\n\n<li>Capturar reporte de OEE en el archivo correspondiente en la base a los registros de producci\u00f3n de piezas OK, scrap, paros y cambios de molde, asegur\u00e1ndose que la informaci\u00f3n sea confiable.<\/li>\n\n\n\n<li>Tomar las acciones necesarias en caso de recibir piezas con defectos o fallas durante el proceso de inyecci\u00f3n, analizando el % de OEE proponiendo soluciones para evitar la recurrencia de problemas, (PDCA, TPM).<\/li>\n\n\n\n<li>Llenar y Supervisar la elaboraci\u00f3n de reportes estad\u00edsticos sobre el comportamiento del proceso y la producci\u00f3n.<\/li>\n\n\n\n<li>Realizar juntas peri\u00f3dicas (diarias, semanales y mensuales) con el personal a cargo para la revisi\u00f3n de indicadores y Planes de acci\u00f3n.<\/li>\n\n\n\n<li>Supervisar las condiciones de limpieza (5S), orden y seguridad de las m\u00e1quinas (Automantenimiento) asignadas en su unidad de producci\u00f3n.<\/li>\n\n\n\n<li>Supervisar y realizar el mantenimiento 1er nivel (Auto mantenimiento) a las m\u00e1quinas de su unidad de trabajo, a los perif\u00e9ricos, asegurando su registro y su buen funcionamiento.<\/li>\n\n\n\n<li>Participar activamente en cualquier iniciativa relacionada al cumplimiento del SGI (ISO IATF 16949, OHSAS 18001, ISO 14001, BIQS, VDA 6.3, etc.)<\/li>\n<\/ul>\n\n\n\n<div style=\"height:40px\" aria-hidden=\"true\" class=\"wp-block-spacer\"><\/div>\n\n\n\n<p><strong>Requisitos:<\/strong><\/p>\n\n\n\n<ul class=\"wp-block-list\">\n<li>Experiencia 6 meses en procesos de inyecci\u00f3n de pl\u00e1stico<\/li>\n\n\n\n<li>Disponibilidad de rolar turnos<\/li>\n<\/ul>\n\n\n\n<div style=\"height:60px\" aria-hidden=\"true\" class=\"wp-block-spacer\"><\/div>\n\n\n\n<div class=\"wp-block-essential-blocks-button\"><div class=\"eb-parent-wrapper eb-parent-eb-button-q46lx\"><div class=\"eb-button-wrapper eb-button-alignment eb-button-q46lx\"><div class=\"eb-button\"><a class=\"eb-button-anchor\" href=\"https:\/\/tyopticsmexico.com\/en\/solicitud-vacante-operador\/\" rel=\"noopener\">Solicitar esta vacante<\/a><\/div><\/div><\/div><\/div>\n<\/div>\n<\/div>","protected":false},"excerpt":{"rendered":"<p>T\u00e9cnico de inyecci\u00f3n San Luis Potos\u00ed, M\u00e9xico. Departamento: Inyecci\u00f3n Escolaridad m\u00ednima: Carrera t\u00e9cnica\/bachillerato Descripci\u00f3n del puesto: Requisitos:<\/p>","protected":false},"author":4,"featured_media":0,"parent":0,"menu_order":0,"comment_status":"closed","ping_status":"closed","template":"","meta":{"_eb_attr":"","footnotes":"[]"},"wf_page_folders":[],"class_list":["post-1090","page","type-page","status-publish","hentry"],"_links":{"self":[{"href":"https:\/\/tyopticsmexico.com\/en\/wp-json\/wp\/v2\/pages\/1090","targetHints":{"allow":["GET"]}}],"collection":[{"href":"https:\/\/tyopticsmexico.com\/en\/wp-json\/wp\/v2\/pages"}],"about":[{"href":"https:\/\/tyopticsmexico.com\/en\/wp-json\/wp\/v2\/types\/page"}],"author":[{"embeddable":true,"href":"https:\/\/tyopticsmexico.com\/en\/wp-json\/wp\/v2\/users\/4"}],"replies":[{"embeddable":true,"href":"https:\/\/tyopticsmexico.com\/en\/wp-json\/wp\/v2\/comments?post=1090"}],"version-history":[{"count":1,"href":"https:\/\/tyopticsmexico.com\/en\/wp-json\/wp\/v2\/pages\/1090\/revisions"}],"predecessor-version":[{"id":1091,"href":"https:\/\/tyopticsmexico.com\/en\/wp-json\/wp\/v2\/pages\/1090\/revisions\/1091"}],"wp:attachment":[{"href":"https:\/\/tyopticsmexico.com\/en\/wp-json\/wp\/v2\/media?parent=1090"}],"wp:term":[{"taxonomy":"wf_page_folders","embeddable":true,"href":"https:\/\/tyopticsmexico.com\/en\/wp-json\/wp\/v2\/wf_page_folders?post=1090"}],"curies":[{"name":"wp","href":"https:\/\/api.w.org\/{rel}","templated":true}]}}