{"id":1088,"date":"2025-02-19T14:19:41","date_gmt":"2025-02-19T20:19:41","guid":{"rendered":"https:\/\/tyopticsmexico.com\/?page_id=1088"},"modified":"2025-02-19T15:20:34","modified_gmt":"2025-02-19T21:20:34","slug":"tecnico-de-mantenimiento","status":"publish","type":"page","link":"https:\/\/tyopticsmexico.com\/en\/tecnico-de-mantenimiento\/","title":{"rendered":"Descripci\u00f3n del puesto T\u00e9cnico de Mantenimiento"},"content":{"rendered":"<div class=\"wp-block-columns is-layout-flex wp-container-core-columns-is-layout-9d6595d7 wp-block-columns-is-layout-flex\">\n<div class=\"wp-block-column is-layout-flow wp-block-column-is-layout-flow\">\n<h2 class=\"wp-block-heading\">T\u00e9cnico de mantenimiento<\/h2>\n\n\n\n<p>San Luis Potos\u00ed, M\u00e9xico.<\/p>\n\n\n\n<div style=\"height:40px\" aria-hidden=\"true\" class=\"wp-block-spacer\"><\/div>\n\n\n\n<p><strong>Departamento:<\/strong><\/p>\n\n\n\n<p>Maintenance<\/p>\n\n\n\n<div style=\"height:40px\" aria-hidden=\"true\" class=\"wp-block-spacer\"><\/div>\n\n\n\n<p><strong>Escolaridad m\u00ednima:<\/strong><\/p>\n\n\n\n<p>Carrera t\u00e9cnica\/bachillerato<\/p>\n\n\n\n<div style=\"height:40px\" aria-hidden=\"true\" class=\"wp-block-spacer\"><\/div>\n\n\n\n<p><strong>Descripci\u00f3n del puesto:<\/strong><\/p>\n\n\n\n<ul class=\"wp-block-list\">\n<li>Llevar archivo de la lista de chequeo de mantenimiento.<\/li>\n\n\n\n<li>Seguimiento al plan de mantenimiento.<\/li>\n\n\n\n<li>Dar apoyo a la l\u00ednea de inyecci\u00f3n.<\/li>\n\n\n\n<li>Apoyar en la detecci\u00f3n de riesgos y peligro en planta.<\/li>\n\n\n\n<li>Cumplimiento con el plan de mantenimeinto de las maquinas.<\/li>\n\n\n\n<li>Acciones correctivas y preventivas\u00a0.<\/li>\n\n\n\n<li>Realizacion de acciones de idea de mejora.<\/li>\n\n\n\n<li>Cerrar ordenes de trabajo.<\/li>\n\n\n\n<li>Promover y apoyar en actividades de seguridad en el trabajo.<\/li>\n\n\n\n<li>Llevar control del plan de mantenimiento en el cuarto limpio.<\/li>\n\n\n\n<li>Llevar control y revisar la herramienta y equipo del \u00e1rea.<\/li>\n\n\n\n<li>Llevar control de los documentos de y mantenimiento.<\/li>\n\n\n\n<li>Cumplir con 5 s\u00a0.<\/li>\n\n\n\n<li>Examinar las causas de peligro, enfermedad e incidentes en el trabajo.<\/li>\n\n\n\n<li>Cumplimiento a el reglamento interno, la policia de calidad y COCE.<\/li>\n\n\n\n<li>Cumplimiento con la ISO 9001-2015.<\/li>\n\n\n\n<li>Reportar cualquier incumplimiento de normas de seguridad al supervisor<\/li>\n<\/ul>\n\n\n\n<div style=\"height:40px\" aria-hidden=\"true\" class=\"wp-block-spacer\"><\/div>\n\n\n\n<p><strong>Requisitos:<\/strong><\/p>\n\n\n\n<ul class=\"wp-block-list\">\n<li>Experiencia 3 a\u00f1os en mantenimiento de maquinas de inyecci\u00f3n de pl\u00e1stico<\/li>\n\n\n\n<li>Disponibilidad de rolar turnos<\/li>\n<\/ul>\n\n\n\n<div style=\"height:60px\" aria-hidden=\"true\" class=\"wp-block-spacer\"><\/div>\n\n\n\n<div class=\"wp-block-essential-blocks-button\"><div class=\"eb-parent-wrapper eb-parent-eb-button-q46lx\"><div class=\"eb-button-wrapper eb-button-alignment eb-button-q46lx\"><div class=\"eb-button\"><a class=\"eb-button-anchor\" href=\"https:\/\/tyopticsmexico.com\/en\/solicitud-vacante-operador\/\" rel=\"noopener\">Solicitar esta vacante<\/a><\/div><\/div><\/div><\/div>\n<\/div>\n<\/div>","protected":false},"excerpt":{"rendered":"<p>T\u00e9cnico de mantenimiento San Luis Potos\u00ed, M\u00e9xico. Departamento: Mantenimiento Escolaridad m\u00ednima: Carrera t\u00e9cnica\/bachillerato Descripci\u00f3n del puesto: Requisitos:<\/p>","protected":false},"author":4,"featured_media":0,"parent":0,"menu_order":0,"comment_status":"closed","ping_status":"closed","template":"","meta":{"_eb_attr":"","footnotes":"[]"},"wf_page_folders":[],"class_list":["post-1088","page","type-page","status-publish","hentry"],"_links":{"self":[{"href":"https:\/\/tyopticsmexico.com\/en\/wp-json\/wp\/v2\/pages\/1088","targetHints":{"allow":["GET"]}}],"collection":[{"href":"https:\/\/tyopticsmexico.com\/en\/wp-json\/wp\/v2\/pages"}],"about":[{"href":"https:\/\/tyopticsmexico.com\/en\/wp-json\/wp\/v2\/types\/page"}],"author":[{"embeddable":true,"href":"https:\/\/tyopticsmexico.com\/en\/wp-json\/wp\/v2\/users\/4"}],"replies":[{"embeddable":true,"href":"https:\/\/tyopticsmexico.com\/en\/wp-json\/wp\/v2\/comments?post=1088"}],"version-history":[{"count":1,"href":"https:\/\/tyopticsmexico.com\/en\/wp-json\/wp\/v2\/pages\/1088\/revisions"}],"predecessor-version":[{"id":1089,"href":"https:\/\/tyopticsmexico.com\/en\/wp-json\/wp\/v2\/pages\/1088\/revisions\/1089"}],"wp:attachment":[{"href":"https:\/\/tyopticsmexico.com\/en\/wp-json\/wp\/v2\/media?parent=1088"}],"wp:term":[{"taxonomy":"wf_page_folders","embeddable":true,"href":"https:\/\/tyopticsmexico.com\/en\/wp-json\/wp\/v2\/wf_page_folders?post=1088"}],"curies":[{"name":"wp","href":"https:\/\/api.w.org\/{rel}","templated":true}]}}