{"id":1086,"date":"2025-02-19T14:14:14","date_gmt":"2025-02-19T20:14:14","guid":{"rendered":"https:\/\/tyopticsmexico.com\/?page_id=1086"},"modified":"2025-02-19T15:09:52","modified_gmt":"2025-02-19T21:09:52","slug":"lider-de-produccion","status":"publish","type":"page","link":"https:\/\/tyopticsmexico.com\/en\/lider-de-produccion\/","title":{"rendered":"Descripci\u00f3n del puesto L\u00edder de Producci\u00f3n"},"content":{"rendered":"<div class=\"wp-block-columns is-layout-flex wp-container-core-columns-is-layout-9d6595d7 wp-block-columns-is-layout-flex\">\n<div class=\"wp-block-column is-layout-flow wp-block-column-is-layout-flow\">\n<h2 class=\"wp-block-heading\">L\u00edder de producci\u00f3n<\/h2>\n\n\n\n<p>San Luis Potos\u00ed, M\u00e9xico.<\/p>\n\n\n\n<div style=\"height:40px\" aria-hidden=\"true\" class=\"wp-block-spacer\"><\/div>\n\n\n\n<p><strong>Departamento:<\/strong><\/p>\n\n\n\n<p>Inyecci\u00f3n<\/p>\n\n\n\n<div style=\"height:40px\" aria-hidden=\"true\" class=\"wp-block-spacer\"><\/div>\n\n\n\n<p><strong>Escolaridad m\u00ednima:<\/strong><\/p>\n\n\n\n<p>Bachillerato<\/p>\n\n\n\n<div style=\"height:40px\" aria-hidden=\"true\" class=\"wp-block-spacer\"><\/div>\n\n\n\n<p><strong>Descripci\u00f3n del puesto:<\/strong><\/p>\n\n\n\n<ul class=\"wp-block-list\">\n<li>Coordinar con varios departamentos para revisar la calidad de la pieza y la entrega del producto<\/li>\n\n\n\n<li>Comunicar a los operadores las decisiones o actividades que les correspondan<\/li>\n\n\n\n<li>Capacitar al personal y asesorar en los procesos de inspecci\u00f3n<\/li>\n\n\n\n<li>Cumplir con los objetivos de calidad<\/li>\n\n\n\n<li>Seguimiento a problemas presentados durante el proceso de produccion<\/li>\n\n\n\n<li>Capacitacion de personal a su cargo<\/li>\n\n\n\n<li>Controlar al personal asignado y comunicar situaciones de indiciplina al jefe inmediato<\/li>\n\n\n\n<li>Controlar el proceso de producci\u00f3n para cumplir el objetivo<\/li>\n\n\n\n<li>Controlar el desempe\u00f1o de los empleados<\/li>\n\n\n\n<li>Controlar el trabajo para cumplir la Instruccion de Trabajo<\/li>\n\n\n\n<li>Llevar control del producto terminado<\/li>\n\n\n\n<li>Llevar control de documentaci\u00f3n administrativa de los operadores<\/li>\n\n\n\n<li>Evaluar el desempe\u00f1o de los trabajadores.<\/li>\n\n\n\n<li>Revisar la calidad del producto de acuerdo al estandar de inspeccion<\/li>\n\n\n\n<li>Cumplimiento a el reglamento interno, la policia de calidad y COCE<\/li>\n\n\n\n<li>Cumplimiento con la ISO 9001-2015<\/li>\n\n\n\n<li>Responsable de proponer y ejecutar las acciones correctivas, informando de los productos o los procesos que no son conformes con los requisitos del cliente para asegurar que no sea enviado producto no conforme al cliente y que sean identificados y contenidos todos los productos no conformes potenciales.<\/li>\n\n\n\n<li>Las responsabilidades son enunciativas m\u00e1s no limitativas.<\/li>\n<\/ul>\n\n\n\n<div style=\"height:40px\" aria-hidden=\"true\" class=\"wp-block-spacer\"><\/div>\n\n\n\n<p><strong>Requisitos:<\/strong><\/p>\n\n\n\n<ul class=\"wp-block-list\">\n<li>Experiencia 1 a\u00f1o en puesto similar<\/li>\n\n\n\n<li>Disponibilidad de rolar turnos<\/li>\n<\/ul>\n\n\n\n<div style=\"height:60px\" aria-hidden=\"true\" class=\"wp-block-spacer\"><\/div>\n\n\n\n<div class=\"wp-block-essential-blocks-button\"><div class=\"eb-parent-wrapper eb-parent-eb-button-q46lx\"><div class=\"eb-button-wrapper eb-button-alignment eb-button-q46lx\"><div class=\"eb-button\"><a class=\"eb-button-anchor\" href=\"https:\/\/tyopticsmexico.com\/en\/solicitud-vacante-operador\/\" rel=\"noopener\">Solicitar esta vacante<\/a><\/div><\/div><\/div><\/div>\n<\/div>\n<\/div>","protected":false},"excerpt":{"rendered":"<p>L\u00edder de producci\u00f3n San Luis Potos\u00ed, M\u00e9xico. Departamento: Inyecci\u00f3n Escolaridad m\u00ednima: Bachillerato Descripci\u00f3n del puesto: Requisitos:<\/p>","protected":false},"author":4,"featured_media":0,"parent":0,"menu_order":0,"comment_status":"closed","ping_status":"closed","template":"","meta":{"_eb_attr":"","footnotes":"[]"},"wf_page_folders":[],"class_list":["post-1086","page","type-page","status-publish","hentry"],"_links":{"self":[{"href":"https:\/\/tyopticsmexico.com\/en\/wp-json\/wp\/v2\/pages\/1086","targetHints":{"allow":["GET"]}}],"collection":[{"href":"https:\/\/tyopticsmexico.com\/en\/wp-json\/wp\/v2\/pages"}],"about":[{"href":"https:\/\/tyopticsmexico.com\/en\/wp-json\/wp\/v2\/types\/page"}],"author":[{"embeddable":true,"href":"https:\/\/tyopticsmexico.com\/en\/wp-json\/wp\/v2\/users\/4"}],"replies":[{"embeddable":true,"href":"https:\/\/tyopticsmexico.com\/en\/wp-json\/wp\/v2\/comments?post=1086"}],"version-history":[{"count":1,"href":"https:\/\/tyopticsmexico.com\/en\/wp-json\/wp\/v2\/pages\/1086\/revisions"}],"predecessor-version":[{"id":1087,"href":"https:\/\/tyopticsmexico.com\/en\/wp-json\/wp\/v2\/pages\/1086\/revisions\/1087"}],"wp:attachment":[{"href":"https:\/\/tyopticsmexico.com\/en\/wp-json\/wp\/v2\/media?parent=1086"}],"wp:term":[{"taxonomy":"wf_page_folders","embeddable":true,"href":"https:\/\/tyopticsmexico.com\/en\/wp-json\/wp\/v2\/wf_page_folders?post=1086"}],"curies":[{"name":"wp","href":"https:\/\/api.w.org\/{rel}","templated":true}]}}