{"id":1082,"date":"2025-02-19T12:50:09","date_gmt":"2025-02-19T18:50:09","guid":{"rendered":"https:\/\/tyopticsmexico.com\/?page_id=1082"},"modified":"2025-02-19T12:55:06","modified_gmt":"2025-02-19T18:55:06","slug":"descripcion-del-puesto-operador-de-almacen","status":"publish","type":"page","link":"https:\/\/tyopticsmexico.com\/en\/descripcion-del-puesto-operador-de-almacen\/","title":{"rendered":"Descripci\u00f3n del puesto Operador de Almac\u00e9n"},"content":{"rendered":"<div class=\"wp-block-columns is-layout-flex wp-container-core-columns-is-layout-9d6595d7 wp-block-columns-is-layout-flex\">\n<div class=\"wp-block-column is-layout-flow wp-block-column-is-layout-flow\">\n<h2 class=\"wp-block-heading\">Operador de almac\u00e9n<\/h2>\n\n\n\n<p>San Luis Potos\u00ed, M\u00e9xico.<\/p>\n\n\n\n<div style=\"height:40px\" aria-hidden=\"true\" class=\"wp-block-spacer\"><\/div>\n\n\n\n<p><strong>Departamento:<\/strong><\/p>\n\n\n\n<p>Almac\u00e9n<\/p>\n\n\n\n<div style=\"height:40px\" aria-hidden=\"true\" class=\"wp-block-spacer\"><\/div>\n\n\n\n<p><strong>Escolaridad m\u00ednima:<\/strong><\/p>\n\n\n\n<p>Primaria<\/p>\n\n\n\n<div style=\"height:40px\" aria-hidden=\"true\" class=\"wp-block-spacer\"><\/div>\n\n\n\n<p><strong>Descripci\u00f3n del puesto:<\/strong><\/p>\n\n\n\n<ul class=\"wp-block-list\">\n<li>Conteo y correcta preservaci\u00f3n de empaque.<\/li>\n\n\n\n<li>Manejo de entregas seg\u00fan plan semanal.<\/li>\n\n\n\n<li>Recibo de Material Traslado de material.<\/li>\n\n\n\n<li>Recolecci\u00f3n y acomodo de charolas de empaque.<\/li>\n\n\n\n<li>Realizaci\u00f3n de 5s\u00b4s&nbsp;.<\/li>\n\n\n\n<li>Empaque final de producto terminado.<\/li>\n\n\n\n<li>Delimitaci\u00f3n de \u00e1reas.<\/li>\n\n\n\n<li>Apoyo en el \u00e1rea de ventas y log\u00edstica.<\/li>\n\n\n\n<li>Ingreso y acomodo de material a almacen.<\/li>\n\n\n\n<li>Registro de movimientos de material, producto terminado, empaque.<\/li>\n\n\n\n<li>Realizacion de llenado de pre-checklist&nbsp;.<\/li>\n\n\n\n<li>Control de FIFO en materia prima.<\/li>\n\n\n\n<li>Revision de stock card.<\/li>\n\n\n\n<li>Revisi\u00f3n de stock card de materia prima.<\/li>\n\n\n\n<li>Cumplimiento a el reglamento interno, la polic\u00eda de calidad y COCE<\/li>\n<\/ul>\n\n\n\n<div style=\"height:40px\" aria-hidden=\"true\" class=\"wp-block-spacer\"><\/div>\n\n\n\n<p><strong>Requisitos:<\/strong><\/p>\n\n\n\n<ul class=\"wp-block-list\">\n<li>Disponibilidad de trabajar fines de semana.<\/li>\n\n\n\n<li>Disponibilidad de rolar turnos.<\/li>\n<\/ul>\n\n\n\n<div style=\"height:60px\" aria-hidden=\"true\" class=\"wp-block-spacer\"><\/div>\n\n\n\n<div class=\"wp-block-essential-blocks-button\"><div class=\"eb-parent-wrapper eb-parent-eb-button-q46lx\"><div class=\"eb-button-wrapper eb-button-alignment eb-button-q46lx\"><div class=\"eb-button\"><a class=\"eb-button-anchor\" href=\"https:\/\/tyopticsmexico.com\/en\/solicitud-vacante-operador\/\" rel=\"noopener\">Solicitar esta vacante<\/a><\/div><\/div><\/div><\/div>\n<\/div>\n<\/div>","protected":false},"excerpt":{"rendered":"<p>Operador de almac\u00e9n San Luis Potos\u00ed, M\u00e9xico. Departamento: Almac\u00e9n Escolaridad m\u00ednima: Primaria Descripci\u00f3n del puesto: Requisitos:<\/p>","protected":false},"author":4,"featured_media":0,"parent":0,"menu_order":0,"comment_status":"closed","ping_status":"closed","template":"","meta":{"_eb_attr":"","footnotes":"[]"},"wf_page_folders":[],"class_list":["post-1082","page","type-page","status-publish","hentry"],"_links":{"self":[{"href":"https:\/\/tyopticsmexico.com\/en\/wp-json\/wp\/v2\/pages\/1082","targetHints":{"allow":["GET"]}}],"collection":[{"href":"https:\/\/tyopticsmexico.com\/en\/wp-json\/wp\/v2\/pages"}],"about":[{"href":"https:\/\/tyopticsmexico.com\/en\/wp-json\/wp\/v2\/types\/page"}],"author":[{"embeddable":true,"href":"https:\/\/tyopticsmexico.com\/en\/wp-json\/wp\/v2\/users\/4"}],"replies":[{"embeddable":true,"href":"https:\/\/tyopticsmexico.com\/en\/wp-json\/wp\/v2\/comments?post=1082"}],"version-history":[{"count":2,"href":"https:\/\/tyopticsmexico.com\/en\/wp-json\/wp\/v2\/pages\/1082\/revisions"}],"predecessor-version":[{"id":1085,"href":"https:\/\/tyopticsmexico.com\/en\/wp-json\/wp\/v2\/pages\/1082\/revisions\/1085"}],"wp:attachment":[{"href":"https:\/\/tyopticsmexico.com\/en\/wp-json\/wp\/v2\/media?parent=1082"}],"wp:term":[{"taxonomy":"wf_page_folders","embeddable":true,"href":"https:\/\/tyopticsmexico.com\/en\/wp-json\/wp\/v2\/wf_page_folders?post=1082"}],"curies":[{"name":"wp","href":"https:\/\/api.w.org\/{rel}","templated":true}]}}